{"id":23003,"date":"2022-12-15T15:20:18","date_gmt":"2022-12-15T13:20:18","guid":{"rendered":"https:\/\/rubi5.com\/?post_type=product&#038;p=23003"},"modified":"2026-01-22T11:12:12","modified_gmt":"2026-01-22T09:12:12","slug":"antiestres-gotin","status":"publish","type":"product","link":"https:\/\/rubi5.com\/staging\/antiestres-gotin\/","title":{"rendered":"Antiestr\u00e9s Gotin"},"content":{"rendered":"","protected":false},"excerpt":{"rendered":"<p><strong>Gota antiestr\u00e9s<\/strong> de suave cuerpo con acolchado de PU brillante. Disponible en color rojo y en azul.<\/p>\n<p>Las <strong>pelotas antiestr\u00e9s<\/strong> son el regalo perfecto para acabar con el estr\u00e9s en el trabajo. Podr\u00e1s guardarlo en el caj\u00f3n y cada vez que te sientas sobrepasado en la oficina, agarra esta gota antiestr\u00e9s y apri\u00e9tala cuanto quieras.<\/p>\n<p>La clave est\u00e1 en personalizarlo con tu logo y tendr\u00e1s un merchandising ideal para promocionar tu marca en farmacias, hospitales o congresos m\u00e9dicos.<\/p>\n","protected":false},"featured_media":57903,"template":"","meta":{"_acf_changed":false},"product_brand":[],"product_cat":[382,187],"product_tag":[],"class_list":{"0":"post-23003","1":"product","2":"type-product","3":"status-publish","4":"has-post-thumbnail","6":"product_cat-pelotas-antiestres","7":"product_cat-salud-y-bienestar","9":"first","10":"instock","11":"taxable","12":"shipping-taxable","13":"product-type-variable"},"acf":[],"_links":{"self":[{"href":"https:\/\/rubi5.com\/staging\/wp-json\/wp\/v2\/product\/23003","targetHints":{"allow":["GET"]}}],"collection":[{"href":"https:\/\/rubi5.com\/staging\/wp-json\/wp\/v2\/product"}],"about":[{"href":"https:\/\/rubi5.com\/staging\/wp-json\/wp\/v2\/types\/product"}],"version-history":[{"count":3,"href":"https:\/\/rubi5.com\/staging\/wp-json\/wp\/v2\/product\/23003\/revisions"}],"predecessor-version":[{"id":56468,"href":"https:\/\/rubi5.com\/staging\/wp-json\/wp\/v2\/product\/23003\/revisions\/56468"}],"wp:featuredmedia":[{"embeddable":true,"href":"https:\/\/rubi5.com\/staging\/wp-json\/wp\/v2\/media\/57903"}],"wp:attachment":[{"href":"https:\/\/rubi5.com\/staging\/wp-json\/wp\/v2\/media?parent=23003"}],"wp:term":[{"taxonomy":"product_brand","embeddable":true,"href":"https:\/\/rubi5.com\/staging\/wp-json\/wp\/v2\/product_brand?post=23003"},{"taxonomy":"product_cat","embeddable":true,"href":"https:\/\/rubi5.com\/staging\/wp-json\/wp\/v2\/product_cat?post=23003"},{"taxonomy":"product_tag","embeddable":true,"href":"https:\/\/rubi5.com\/staging\/wp-json\/wp\/v2\/product_tag?post=23003"}],"curies":[{"name":"wp","href":"https:\/\/api.w.org\/{rel}","templated":true}]}}