{"id":23028,"date":"2022-12-15T15:20:42","date_gmt":"2022-12-15T13:20:42","guid":{"rendered":"https:\/\/rubi5.com\/?post_type=product&#038;p=23028"},"modified":"2026-01-22T11:12:11","modified_gmt":"2026-01-22T09:12:11","slug":"neceser-plumok","status":"publish","type":"product","link":"https:\/\/rubi5.com\/staging\/neceser-plumok\/","title":{"rendered":"Neceser Plumok"},"content":{"rendered":"","protected":false},"excerpt":{"rendered":"<p>Neceser fabricado en material 100% algod\u00f3n org\u00e1nico de 180g\/m2 y en tono natural. Con certificaci\u00f3n GOTS (Global Organic Textile Standard, \u00f3 Norma Mundial de Textiles Org\u00e1nicos) que garantiza que los tejidos est\u00e1n hechos de fibras org\u00e1nicas.<\/p>\n<p>Cierre de cremallera con tirador a juego y distintivo eco en etiqueta exterior. Incluye hangtag de cart\u00f3n reciclado con distintivo eco.<\/p>\n<p>Regala a tus clientes un art\u00edculo publicitario ecol\u00f3gico, y personal\u00edzalo con el logo de tu compa\u00f1\u00eda, para dar una mayor notoriedad a tu marca.<\/p>\n","protected":false},"featured_media":57915,"template":"","meta":{"_acf_changed":false},"product_brand":[],"product_cat":[383,187],"product_tag":[],"class_list":{"0":"post-23028","1":"product","2":"type-product","3":"status-publish","4":"has-post-thumbnail","6":"product_cat-neceseres-personalizados","7":"product_cat-salud-y-bienestar","9":"first","10":"instock","11":"taxable","12":"shipping-taxable","13":"product-type-variable"},"acf":[],"_links":{"self":[{"href":"https:\/\/rubi5.com\/staging\/wp-json\/wp\/v2\/product\/23028","targetHints":{"allow":["GET"]}}],"collection":[{"href":"https:\/\/rubi5.com\/staging\/wp-json\/wp\/v2\/product"}],"about":[{"href":"https:\/\/rubi5.com\/staging\/wp-json\/wp\/v2\/types\/product"}],"version-history":[{"count":4,"href":"https:\/\/rubi5.com\/staging\/wp-json\/wp\/v2\/product\/23028\/revisions"}],"predecessor-version":[{"id":56619,"href":"https:\/\/rubi5.com\/staging\/wp-json\/wp\/v2\/product\/23028\/revisions\/56619"}],"wp:featuredmedia":[{"embeddable":true,"href":"https:\/\/rubi5.com\/staging\/wp-json\/wp\/v2\/media\/57915"}],"wp:attachment":[{"href":"https:\/\/rubi5.com\/staging\/wp-json\/wp\/v2\/media?parent=23028"}],"wp:term":[{"taxonomy":"product_brand","embeddable":true,"href":"https:\/\/rubi5.com\/staging\/wp-json\/wp\/v2\/product_brand?post=23028"},{"taxonomy":"product_cat","embeddable":true,"href":"https:\/\/rubi5.com\/staging\/wp-json\/wp\/v2\/product_cat?post=23028"},{"taxonomy":"product_tag","embeddable":true,"href":"https:\/\/rubi5.com\/staging\/wp-json\/wp\/v2\/product_tag?post=23028"}],"curies":[{"name":"wp","href":"https:\/\/api.w.org\/{rel}","templated":true}]}}