{"id":23030,"date":"2022-12-15T15:20:42","date_gmt":"2022-12-15T13:20:42","guid":{"rendered":"https:\/\/rubi5.com\/?post_type=product&#038;p=23030"},"modified":"2026-01-22T11:14:32","modified_gmt":"2026-01-22T09:14:32","slug":"neceser-trevi","status":"publish","type":"product","link":"https:\/\/rubi5.com\/staging\/neceser-trevi\/","title":{"rendered":"Neceser Trevi"},"content":{"rendered":"","protected":false},"excerpt":{"rendered":"<p>Neceser multiusos en resistente poli\u00e9ster 600D de vivos colores. Con cremallera, asa de transporte y ribete de refuerzo a juego.<\/p>\n<p>Este neceser es c\u00f3modo de llevar gracias a su asa de transporte, con un material de calidad que no se te romper\u00e1 con el peso, adem\u00e1s de amplio, para poder guardar todos tus accesorios de ba\u00f1o.<\/p>\n<p>Un neceser personalizado es el detalle perfecto para una residencia de ancianos. Graba la imagen de tu empresa en \u00e9l y entr\u00e9gaselo a los nuevos residentes como regalo de bienvenida.<\/p>\n","protected":false},"featured_media":57916,"template":"","meta":{"_acf_changed":false},"product_brand":[],"product_cat":[383,187],"product_tag":[],"class_list":{"0":"post-23030","1":"product","2":"type-product","3":"status-publish","4":"has-post-thumbnail","6":"product_cat-neceseres-personalizados","7":"product_cat-salud-y-bienestar","9":"first","10":"instock","11":"taxable","12":"shipping-taxable","13":"purchasable","14":"product-type-variable"},"acf":[],"_links":{"self":[{"href":"https:\/\/rubi5.com\/staging\/wp-json\/wp\/v2\/product\/23030","targetHints":{"allow":["GET"]}}],"collection":[{"href":"https:\/\/rubi5.com\/staging\/wp-json\/wp\/v2\/product"}],"about":[{"href":"https:\/\/rubi5.com\/staging\/wp-json\/wp\/v2\/types\/product"}],"version-history":[{"count":4,"href":"https:\/\/rubi5.com\/staging\/wp-json\/wp\/v2\/product\/23030\/revisions"}],"predecessor-version":[{"id":56615,"href":"https:\/\/rubi5.com\/staging\/wp-json\/wp\/v2\/product\/23030\/revisions\/56615"}],"wp:featuredmedia":[{"embeddable":true,"href":"https:\/\/rubi5.com\/staging\/wp-json\/wp\/v2\/media\/57916"}],"wp:attachment":[{"href":"https:\/\/rubi5.com\/staging\/wp-json\/wp\/v2\/media?parent=23030"}],"wp:term":[{"taxonomy":"product_brand","embeddable":true,"href":"https:\/\/rubi5.com\/staging\/wp-json\/wp\/v2\/product_brand?post=23030"},{"taxonomy":"product_cat","embeddable":true,"href":"https:\/\/rubi5.com\/staging\/wp-json\/wp\/v2\/product_cat?post=23030"},{"taxonomy":"product_tag","embeddable":true,"href":"https:\/\/rubi5.com\/staging\/wp-json\/wp\/v2\/product_tag?post=23030"}],"curies":[{"name":"wp","href":"https:\/\/api.w.org\/{rel}","templated":true}]}}