{"id":23064,"date":"2022-12-15T15:21:29","date_gmt":"2022-12-15T13:21:29","guid":{"rendered":"https:\/\/rubi5.com\/?post_type=product&#038;p=23064"},"modified":"2026-01-22T11:14:32","modified_gmt":"2026-01-22T09:14:32","slug":"neceser-fergi","status":"publish","type":"product","link":"https:\/\/rubi5.com\/staging\/neceser-fergi\/","title":{"rendered":"Neceser Fergi"},"content":{"rendered":"","protected":false},"excerpt":{"rendered":"<p>Neceser multiusos en resistente PVC transl\u00facido de variada gama en vivos colores. Con resistente asa troquelada y cierre de cremallera a juego, con cinta en tirador para f\u00e1cil apertura.<\/p>\n<p>Este neceser barato para empresas peque\u00f1as es una muy buena opci\u00f3n si no sabes qu\u00e9 regalar a tus clientes este verano. Un neceser personalizado ser\u00e1 un regalo muy pr\u00e1ctico para todo tipo de clientes, y no hay mejor fecha que entregarlo que en los meses de vacaciones.<\/p>\n","protected":false},"featured_media":57913,"template":"","meta":{"_acf_changed":false},"product_brand":[],"product_cat":[383,187],"product_tag":[],"class_list":{"0":"post-23064","1":"product","2":"type-product","3":"status-publish","4":"has-post-thumbnail","6":"product_cat-neceseres-personalizados","7":"product_cat-salud-y-bienestar","9":"first","10":"instock","11":"taxable","12":"shipping-taxable","13":"purchasable","14":"product-type-variable"},"acf":[],"_links":{"self":[{"href":"https:\/\/rubi5.com\/staging\/wp-json\/wp\/v2\/product\/23064","targetHints":{"allow":["GET"]}}],"collection":[{"href":"https:\/\/rubi5.com\/staging\/wp-json\/wp\/v2\/product"}],"about":[{"href":"https:\/\/rubi5.com\/staging\/wp-json\/wp\/v2\/types\/product"}],"version-history":[{"count":3,"href":"https:\/\/rubi5.com\/staging\/wp-json\/wp\/v2\/product\/23064\/revisions"}],"predecessor-version":[{"id":56614,"href":"https:\/\/rubi5.com\/staging\/wp-json\/wp\/v2\/product\/23064\/revisions\/56614"}],"wp:featuredmedia":[{"embeddable":true,"href":"https:\/\/rubi5.com\/staging\/wp-json\/wp\/v2\/media\/57913"}],"wp:attachment":[{"href":"https:\/\/rubi5.com\/staging\/wp-json\/wp\/v2\/media?parent=23064"}],"wp:term":[{"taxonomy":"product_brand","embeddable":true,"href":"https:\/\/rubi5.com\/staging\/wp-json\/wp\/v2\/product_brand?post=23064"},{"taxonomy":"product_cat","embeddable":true,"href":"https:\/\/rubi5.com\/staging\/wp-json\/wp\/v2\/product_cat?post=23064"},{"taxonomy":"product_tag","embeddable":true,"href":"https:\/\/rubi5.com\/staging\/wp-json\/wp\/v2\/product_tag?post=23064"}],"curies":[{"name":"wp","href":"https:\/\/api.w.org\/{rel}","templated":true}]}}