{"id":23084,"date":"2022-12-15T15:21:53","date_gmt":"2022-12-15T13:21:53","guid":{"rendered":"https:\/\/rubi5.com\/?post_type=product&#038;p=23084"},"modified":"2026-01-22T11:14:32","modified_gmt":"2026-01-22T09:14:32","slug":"neceser-iriam","status":"publish","type":"product","link":"https:\/\/rubi5.com\/staging\/neceser-iriam\/","title":{"rendered":"Neceser Iriam"},"content":{"rendered":"","protected":false},"excerpt":{"rendered":"<p>Neceser publicitario multiusos en resistente PVC transparente de variada gama en vivos colores. Con cierre herm\u00e9tico a juego.<\/p>\n<p>Un regalo de empresa ideal para una agencia de viajes. Porque ya sabes que en los aviones solo puedes llevar un neceser transparente en el que puedan ver todo el contenido de dentro, y no todo el mundo tiene uno. Ser\u00e1 un detalle muy pr\u00e1ctico que tus clientes agradecer\u00e1n.<\/p>\n","protected":false},"featured_media":57912,"template":"","meta":{"_acf_changed":false},"product_brand":[],"product_cat":[383,187],"product_tag":[],"class_list":{"0":"post-23084","1":"product","2":"type-product","3":"status-publish","4":"has-post-thumbnail","6":"product_cat-neceseres-personalizados","7":"product_cat-salud-y-bienestar","9":"first","10":"instock","11":"taxable","12":"shipping-taxable","13":"purchasable","14":"product-type-variable"},"acf":[],"_links":{"self":[{"href":"https:\/\/rubi5.com\/staging\/wp-json\/wp\/v2\/product\/23084","targetHints":{"allow":["GET"]}}],"collection":[{"href":"https:\/\/rubi5.com\/staging\/wp-json\/wp\/v2\/product"}],"about":[{"href":"https:\/\/rubi5.com\/staging\/wp-json\/wp\/v2\/types\/product"}],"version-history":[{"count":3,"href":"https:\/\/rubi5.com\/staging\/wp-json\/wp\/v2\/product\/23084\/revisions"}],"predecessor-version":[{"id":56612,"href":"https:\/\/rubi5.com\/staging\/wp-json\/wp\/v2\/product\/23084\/revisions\/56612"}],"wp:featuredmedia":[{"embeddable":true,"href":"https:\/\/rubi5.com\/staging\/wp-json\/wp\/v2\/media\/57912"}],"wp:attachment":[{"href":"https:\/\/rubi5.com\/staging\/wp-json\/wp\/v2\/media?parent=23084"}],"wp:term":[{"taxonomy":"product_brand","embeddable":true,"href":"https:\/\/rubi5.com\/staging\/wp-json\/wp\/v2\/product_brand?post=23084"},{"taxonomy":"product_cat","embeddable":true,"href":"https:\/\/rubi5.com\/staging\/wp-json\/wp\/v2\/product_cat?post=23084"},{"taxonomy":"product_tag","embeddable":true,"href":"https:\/\/rubi5.com\/staging\/wp-json\/wp\/v2\/product_tag?post=23084"}],"curies":[{"name":"wp","href":"https:\/\/api.w.org\/{rel}","templated":true}]}}