{"id":23114,"date":"2022-12-15T15:22:19","date_gmt":"2022-12-15T13:22:19","guid":{"rendered":"https:\/\/rubi5.com\/?post_type=product&#038;p=23114"},"modified":"2026-01-22T11:14:32","modified_gmt":"2026-01-22T09:14:32","slug":"neceser-lendil","status":"publish","type":"product","link":"https:\/\/rubi5.com\/staging\/neceser-lendil\/","title":{"rendered":"Neceser Lendil"},"content":{"rendered":"","protected":false},"excerpt":{"rendered":"<p>Neceser multiusos en material 100% algod\u00f3n de 140g\/m2. Dise\u00f1o bicolor, con cuerpo en algod\u00f3n de color crudo y base en variada gama de colores. Cremallera a juego y tirador cromado.<\/p>\n<p>Lo mejor de este neceser, adem\u00e1s de que podr\u00e1s personalizarlo con el logo de tu empresa en el centro del neceser, es su amplio espacio al fondo del mismo. Tendr\u00e1s hueco para guardar todos tus imprescindibles de ba\u00f1o.<\/p>\n<p>\u00bfQuieres un neceser de viaje de lo m\u00e1s completo? A\u00f1ade un cepillo de dientes y un peine, junto a un bote de gel, y ya tendr\u00e1s un regalo muy completo.<\/p>\n","protected":false},"featured_media":23165,"template":"","meta":{"_acf_changed":false},"product_brand":[],"product_cat":[383,187],"product_tag":[],"class_list":{"0":"post-23114","1":"product","2":"type-product","3":"status-publish","4":"has-post-thumbnail","6":"product_cat-neceseres-personalizados","7":"product_cat-salud-y-bienestar","9":"first","10":"instock","11":"taxable","12":"shipping-taxable","13":"purchasable","14":"product-type-variable"},"acf":[],"_links":{"self":[{"href":"https:\/\/rubi5.com\/staging\/wp-json\/wp\/v2\/product\/23114","targetHints":{"allow":["GET"]}}],"collection":[{"href":"https:\/\/rubi5.com\/staging\/wp-json\/wp\/v2\/product"}],"about":[{"href":"https:\/\/rubi5.com\/staging\/wp-json\/wp\/v2\/types\/product"}],"version-history":[{"count":3,"href":"https:\/\/rubi5.com\/staging\/wp-json\/wp\/v2\/product\/23114\/revisions"}],"predecessor-version":[{"id":56608,"href":"https:\/\/rubi5.com\/staging\/wp-json\/wp\/v2\/product\/23114\/revisions\/56608"}],"wp:featuredmedia":[{"embeddable":true,"href":"https:\/\/rubi5.com\/staging\/wp-json\/wp\/v2\/media\/23165"}],"wp:attachment":[{"href":"https:\/\/rubi5.com\/staging\/wp-json\/wp\/v2\/media?parent=23114"}],"wp:term":[{"taxonomy":"product_brand","embeddable":true,"href":"https:\/\/rubi5.com\/staging\/wp-json\/wp\/v2\/product_brand?post=23114"},{"taxonomy":"product_cat","embeddable":true,"href":"https:\/\/rubi5.com\/staging\/wp-json\/wp\/v2\/product_cat?post=23114"},{"taxonomy":"product_tag","embeddable":true,"href":"https:\/\/rubi5.com\/staging\/wp-json\/wp\/v2\/product_tag?post=23114"}],"curies":[{"name":"wp","href":"https:\/\/api.w.org\/{rel}","templated":true}]}}