{"id":23134,"date":"2022-12-15T15:22:45","date_gmt":"2022-12-15T13:22:45","guid":{"rendered":"https:\/\/rubi5.com\/?post_type=product&#038;p=23134"},"modified":"2026-01-22T11:12:08","modified_gmt":"2026-01-22T09:12:08","slug":"neceser-sublimacion-kreston","status":"publish","type":"product","link":"https:\/\/rubi5.com\/staging\/neceser-sublimacion-kreston\/","title":{"rendered":"Neceser Sublimaci\u00f3n Kreston"},"content":{"rendered":"","protected":false},"excerpt":{"rendered":"<p>Neceser personalizado de un color natural, en resistente poli\u00e9ster de suave tacto, con cierre de cremallera y cinta en tirador para c\u00f3moda apertura. Especialmente elaborado para impresi\u00f3n en sublimaci\u00f3n.<\/p>\n<p>Podr\u00e1s personalizarlo a todo color. Perfecto para aquellas empresas que tengan un logo con multitud de colores. No todos los art\u00edculos pueden grabarse en tantos colores, y por eso, este neceser es ideal para ti.<\/p>\n<p>Si est\u00e1s pensando repartir entre tus clientes, tus alumnos, o los residentes de tu hotel, un pack con lo esencial para el d\u00eda a d\u00eda, m\u00e9telo en un neceser como este y personal\u00edzalo a tu gusto.<\/p>\n","protected":false},"featured_media":23174,"template":"","meta":{"_acf_changed":false},"product_brand":[],"product_cat":[383,187],"product_tag":[],"class_list":{"0":"post-23134","1":"product","2":"type-product","3":"status-publish","4":"has-post-thumbnail","6":"product_cat-neceseres-personalizados","7":"product_cat-salud-y-bienestar","9":"first","10":"instock","11":"taxable","12":"shipping-taxable","13":"product-type-variable"},"acf":[],"_links":{"self":[{"href":"https:\/\/rubi5.com\/staging\/wp-json\/wp\/v2\/product\/23134","targetHints":{"allow":["GET"]}}],"collection":[{"href":"https:\/\/rubi5.com\/staging\/wp-json\/wp\/v2\/product"}],"about":[{"href":"https:\/\/rubi5.com\/staging\/wp-json\/wp\/v2\/types\/product"}],"version-history":[{"count":4,"href":"https:\/\/rubi5.com\/staging\/wp-json\/wp\/v2\/product\/23134\/revisions"}],"predecessor-version":[{"id":61247,"href":"https:\/\/rubi5.com\/staging\/wp-json\/wp\/v2\/product\/23134\/revisions\/61247"}],"wp:featuredmedia":[{"embeddable":true,"href":"https:\/\/rubi5.com\/staging\/wp-json\/wp\/v2\/media\/23174"}],"wp:attachment":[{"href":"https:\/\/rubi5.com\/staging\/wp-json\/wp\/v2\/media?parent=23134"}],"wp:term":[{"taxonomy":"product_brand","embeddable":true,"href":"https:\/\/rubi5.com\/staging\/wp-json\/wp\/v2\/product_brand?post=23134"},{"taxonomy":"product_cat","embeddable":true,"href":"https:\/\/rubi5.com\/staging\/wp-json\/wp\/v2\/product_cat?post=23134"},{"taxonomy":"product_tag","embeddable":true,"href":"https:\/\/rubi5.com\/staging\/wp-json\/wp\/v2\/product_tag?post=23134"}],"curies":[{"name":"wp","href":"https:\/\/api.w.org\/{rel}","templated":true}]}}