{"id":23138,"date":"2022-12-15T15:22:45","date_gmt":"2022-12-15T13:22:45","guid":{"rendered":"https:\/\/rubi5.com\/?post_type=product&#038;p=23138"},"modified":"2026-01-22T11:14:32","modified_gmt":"2026-01-22T09:14:32","slug":"neceser-halgar","status":"publish","type":"product","link":"https:\/\/rubi5.com\/staging\/neceser-halgar\/","title":{"rendered":"Neceser Halgar"},"content":{"rendered":"","protected":false},"excerpt":{"rendered":"<p>Estuche de l\u00ednea nature elaborado en algod\u00f3n reciclado. Compartimento principal de cierre de cremallera y tirador juego, con distintivo algod\u00f3n reciclado en etiqueta.<\/p>\n<p>Podr\u00e1s usarlo como un peque\u00f1o neceser o como un estuche. Esta versatilidad te permite poder regal\u00e1rselo a ni\u00f1os o adultos. Podr\u00e1s guardar pinturas y bol\u00edgrafos, y usarlo como estuche en la escuela o en la oficina. O, por el contrario, guardar los imprescindibles para un neceser de viaje, que puedas llevarte para una noche fuera de casa.<\/p>\n","protected":false},"featured_media":57909,"template":"","meta":{"_acf_changed":false},"product_brand":[],"product_cat":[383,187],"product_tag":[],"class_list":{"0":"post-23138","1":"product","2":"type-product","3":"status-publish","4":"has-post-thumbnail","6":"product_cat-neceseres-personalizados","7":"product_cat-salud-y-bienestar","9":"first","10":"instock","11":"taxable","12":"shipping-taxable","13":"purchasable","14":"product-type-variable"},"acf":[],"_links":{"self":[{"href":"https:\/\/rubi5.com\/staging\/wp-json\/wp\/v2\/product\/23138","targetHints":{"allow":["GET"]}}],"collection":[{"href":"https:\/\/rubi5.com\/staging\/wp-json\/wp\/v2\/product"}],"about":[{"href":"https:\/\/rubi5.com\/staging\/wp-json\/wp\/v2\/types\/product"}],"version-history":[{"count":3,"href":"https:\/\/rubi5.com\/staging\/wp-json\/wp\/v2\/product\/23138\/revisions"}],"predecessor-version":[{"id":56606,"href":"https:\/\/rubi5.com\/staging\/wp-json\/wp\/v2\/product\/23138\/revisions\/56606"}],"wp:featuredmedia":[{"embeddable":true,"href":"https:\/\/rubi5.com\/staging\/wp-json\/wp\/v2\/media\/57909"}],"wp:attachment":[{"href":"https:\/\/rubi5.com\/staging\/wp-json\/wp\/v2\/media?parent=23138"}],"wp:term":[{"taxonomy":"product_brand","embeddable":true,"href":"https:\/\/rubi5.com\/staging\/wp-json\/wp\/v2\/product_brand?post=23138"},{"taxonomy":"product_cat","embeddable":true,"href":"https:\/\/rubi5.com\/staging\/wp-json\/wp\/v2\/product_cat?post=23138"},{"taxonomy":"product_tag","embeddable":true,"href":"https:\/\/rubi5.com\/staging\/wp-json\/wp\/v2\/product_tag?post=23138"}],"curies":[{"name":"wp","href":"https:\/\/api.w.org\/{rel}","templated":true}]}}