{"id":23192,"date":"2022-12-16T09:33:55","date_gmt":"2022-12-16T07:33:55","guid":{"rendered":"https:\/\/rubi5.com\/?post_type=product&#038;p=23192"},"modified":"2026-01-22T11:14:32","modified_gmt":"2026-01-22T09:14:32","slug":"panoleta-plus","status":"publish","type":"product","link":"https:\/\/rubi5.com\/staging\/panoleta-plus\/","title":{"rendered":"Pa\u00f1oleta para pe\u00f1as personalizada"},"content":{"rendered":"","protected":false},"excerpt":{"rendered":"<p>Pa\u00f1oleta tama\u00f1o extra de dise\u00f1o triangular. Con cuerpo en suave poli\u00e9ster de vivos y variados colores. Pespuntes de refuerzo en los laterales. Color blanco especialmente dise\u00f1ado para marcaje en sublimaci\u00f3n.<\/p>\n<p><b>A\u00f1\u00e1delo junto a tu ropa para pe\u00f1as en tu pedido para fiestas.<\/b><\/p>\n","protected":false},"featured_media":23222,"template":"","meta":{"_acf_changed":false},"product_brand":[],"product_cat":[29,908,388],"product_tag":[],"class_list":{"0":"post-23192","1":"product","2":"type-product","3":"status-publish","4":"has-post-thumbnail","6":"product_cat-textil","7":"product_cat-panuelos-de-fiestas","8":"product_cat-ropa-para-penas","10":"first","11":"instock","12":"taxable","13":"shipping-taxable","14":"purchasable","15":"product-type-variable"},"acf":[],"_links":{"self":[{"href":"https:\/\/rubi5.com\/staging\/wp-json\/wp\/v2\/product\/23192","targetHints":{"allow":["GET"]}}],"collection":[{"href":"https:\/\/rubi5.com\/staging\/wp-json\/wp\/v2\/product"}],"about":[{"href":"https:\/\/rubi5.com\/staging\/wp-json\/wp\/v2\/types\/product"}],"version-history":[{"count":5,"href":"https:\/\/rubi5.com\/staging\/wp-json\/wp\/v2\/product\/23192\/revisions"}],"predecessor-version":[{"id":63126,"href":"https:\/\/rubi5.com\/staging\/wp-json\/wp\/v2\/product\/23192\/revisions\/63126"}],"wp:featuredmedia":[{"embeddable":true,"href":"https:\/\/rubi5.com\/staging\/wp-json\/wp\/v2\/media\/23222"}],"wp:attachment":[{"href":"https:\/\/rubi5.com\/staging\/wp-json\/wp\/v2\/media?parent=23192"}],"wp:term":[{"taxonomy":"product_brand","embeddable":true,"href":"https:\/\/rubi5.com\/staging\/wp-json\/wp\/v2\/product_brand?post=23192"},{"taxonomy":"product_cat","embeddable":true,"href":"https:\/\/rubi5.com\/staging\/wp-json\/wp\/v2\/product_cat?post=23192"},{"taxonomy":"product_tag","embeddable":true,"href":"https:\/\/rubi5.com\/staging\/wp-json\/wp\/v2\/product_tag?post=23192"}],"curies":[{"name":"wp","href":"https:\/\/api.w.org\/{rel}","templated":true}]}}