{"id":23212,"date":"2022-12-16T09:33:57","date_gmt":"2022-12-16T07:33:57","guid":{"rendered":"https:\/\/rubi5.com\/?post_type=product&#038;p=23212"},"modified":"2026-01-22T11:14:32","modified_gmt":"2026-01-22T09:14:32","slug":"peto-sporter","status":"publish","type":"product","link":"https:\/\/rubi5.com\/staging\/peto-sporter\/","title":{"rendered":"Peto Sporter"},"content":{"rendered":"","protected":false},"excerpt":{"rendered":"<p>Peto deportivo para adulto en suave y resistente poli\u00e9ster 190T de vivos colores y laterales rematados con el\u00e1sticos. Talla \u00fanica. Medidas: 52&#215;63 cm.<\/p>\n","protected":false},"featured_media":23266,"template":"","meta":{"_acf_changed":false},"product_brand":[],"product_cat":[394,29],"product_tag":[],"class_list":{"0":"post-23212","1":"product","2":"type-product","3":"status-publish","4":"has-post-thumbnail","6":"product_cat-ropa-deportiva","7":"product_cat-textil","9":"first","10":"instock","11":"taxable","12":"shipping-taxable","13":"purchasable","14":"product-type-variable"},"acf":[],"_links":{"self":[{"href":"https:\/\/rubi5.com\/staging\/wp-json\/wp\/v2\/product\/23212","targetHints":{"allow":["GET"]}}],"collection":[{"href":"https:\/\/rubi5.com\/staging\/wp-json\/wp\/v2\/product"}],"about":[{"href":"https:\/\/rubi5.com\/staging\/wp-json\/wp\/v2\/types\/product"}],"version-history":[{"count":3,"href":"https:\/\/rubi5.com\/staging\/wp-json\/wp\/v2\/product\/23212\/revisions"}],"predecessor-version":[{"id":67829,"href":"https:\/\/rubi5.com\/staging\/wp-json\/wp\/v2\/product\/23212\/revisions\/67829"}],"wp:featuredmedia":[{"embeddable":true,"href":"https:\/\/rubi5.com\/staging\/wp-json\/wp\/v2\/media\/23266"}],"wp:attachment":[{"href":"https:\/\/rubi5.com\/staging\/wp-json\/wp\/v2\/media?parent=23212"}],"wp:term":[{"taxonomy":"product_brand","embeddable":true,"href":"https:\/\/rubi5.com\/staging\/wp-json\/wp\/v2\/product_brand?post=23212"},{"taxonomy":"product_cat","embeddable":true,"href":"https:\/\/rubi5.com\/staging\/wp-json\/wp\/v2\/product_cat?post=23212"},{"taxonomy":"product_tag","embeddable":true,"href":"https:\/\/rubi5.com\/staging\/wp-json\/wp\/v2\/product_tag?post=23212"}],"curies":[{"name":"wp","href":"https:\/\/api.w.org\/{rel}","templated":true}]}}