{"id":23217,"date":"2022-12-16T09:33:58","date_gmt":"2022-12-16T07:33:58","guid":{"rendered":"https:\/\/rubi5.com\/?post_type=product&#038;p=23217"},"modified":"2026-01-22T11:14:31","modified_gmt":"2026-01-22T09:14:31","slug":"peto-wiki","status":"publish","type":"product","link":"https:\/\/rubi5.com\/staging\/peto-wiki\/","title":{"rendered":"Peto Wiki"},"content":{"rendered":"","protected":false},"excerpt":{"rendered":"<p>Peto deportivo para ni\u00f1o en suave y resistente poli\u00e9ster 190T de vivos colores y laterales rematados con el\u00e1sticos. Talla \u00fanica. Medidas: 38&#215;45 cm.<\/p>\n","protected":false},"featured_media":23286,"template":"","meta":{"_acf_changed":false},"product_brand":[],"product_cat":[394,29],"product_tag":[],"class_list":{"0":"post-23217","1":"product","2":"type-product","3":"status-publish","4":"has-post-thumbnail","6":"product_cat-ropa-deportiva","7":"product_cat-textil","9":"first","10":"instock","11":"taxable","12":"shipping-taxable","13":"purchasable","14":"product-type-variable"},"acf":[],"_links":{"self":[{"href":"https:\/\/rubi5.com\/staging\/wp-json\/wp\/v2\/product\/23217","targetHints":{"allow":["GET"]}}],"collection":[{"href":"https:\/\/rubi5.com\/staging\/wp-json\/wp\/v2\/product"}],"about":[{"href":"https:\/\/rubi5.com\/staging\/wp-json\/wp\/v2\/types\/product"}],"version-history":[{"count":2,"href":"https:\/\/rubi5.com\/staging\/wp-json\/wp\/v2\/product\/23217\/revisions"}],"predecessor-version":[{"id":65082,"href":"https:\/\/rubi5.com\/staging\/wp-json\/wp\/v2\/product\/23217\/revisions\/65082"}],"wp:featuredmedia":[{"embeddable":true,"href":"https:\/\/rubi5.com\/staging\/wp-json\/wp\/v2\/media\/23286"}],"wp:attachment":[{"href":"https:\/\/rubi5.com\/staging\/wp-json\/wp\/v2\/media?parent=23217"}],"wp:term":[{"taxonomy":"product_brand","embeddable":true,"href":"https:\/\/rubi5.com\/staging\/wp-json\/wp\/v2\/product_brand?post=23217"},{"taxonomy":"product_cat","embeddable":true,"href":"https:\/\/rubi5.com\/staging\/wp-json\/wp\/v2\/product_cat?post=23217"},{"taxonomy":"product_tag","embeddable":true,"href":"https:\/\/rubi5.com\/staging\/wp-json\/wp\/v2\/product_tag?post=23217"}],"curies":[{"name":"wp","href":"https:\/\/api.w.org\/{rel}","templated":true}]}}