{"id":23253,"date":"2022-12-16T09:34:43","date_gmt":"2022-12-16T07:34:43","guid":{"rendered":"https:\/\/rubi5.com\/?post_type=product&#038;p=23253"},"modified":"2025-05-06T08:50:07","modified_gmt":"2025-05-06T06:50:07","slug":"braga-cherin","status":"publish","type":"product","link":"https:\/\/rubi5.com\/staging\/braga-cherin\/","title":{"rendered":"Braga Cherin"},"content":{"rendered":"","protected":false},"excerpt":{"rendered":"<p>Braga multiposici\u00f3n de alta calidad en suave poli\u00e9ster el\u00e1stico. Disponible en extensa gama de colores y de f\u00e1cil impresi\u00f3n. Color blanco especialmente dise\u00f1ado para impresi\u00f3n en sublimaci\u00f3n.<\/p>\n","protected":false},"featured_media":23323,"template":"","meta":{"_acf_changed":false},"product_brand":[],"product_cat":[738,737,29],"product_tag":[],"class_list":{"0":"post-23253","1":"product","2":"type-product","3":"status-publish","4":"has-post-thumbnail","6":"product_cat-bragas-de-cuello-personalizadas","7":"product_cat-complementos-personalizados","8":"product_cat-textil","10":"first","11":"instock","12":"taxable","13":"shipping-taxable","14":"product-type-external"},"acf":[],"_links":{"self":[{"href":"https:\/\/rubi5.com\/staging\/wp-json\/wp\/v2\/product\/23253","targetHints":{"allow":["GET"]}}],"collection":[{"href":"https:\/\/rubi5.com\/staging\/wp-json\/wp\/v2\/product"}],"about":[{"href":"https:\/\/rubi5.com\/staging\/wp-json\/wp\/v2\/types\/product"}],"version-history":[{"count":2,"href":"https:\/\/rubi5.com\/staging\/wp-json\/wp\/v2\/product\/23253\/revisions"}],"predecessor-version":[{"id":56700,"href":"https:\/\/rubi5.com\/staging\/wp-json\/wp\/v2\/product\/23253\/revisions\/56700"}],"wp:featuredmedia":[{"embeddable":true,"href":"https:\/\/rubi5.com\/staging\/wp-json\/wp\/v2\/media\/23323"}],"wp:attachment":[{"href":"https:\/\/rubi5.com\/staging\/wp-json\/wp\/v2\/media?parent=23253"}],"wp:term":[{"taxonomy":"product_brand","embeddable":true,"href":"https:\/\/rubi5.com\/staging\/wp-json\/wp\/v2\/product_brand?post=23253"},{"taxonomy":"product_cat","embeddable":true,"href":"https:\/\/rubi5.com\/staging\/wp-json\/wp\/v2\/product_cat?post=23253"},{"taxonomy":"product_tag","embeddable":true,"href":"https:\/\/rubi5.com\/staging\/wp-json\/wp\/v2\/product_tag?post=23253"}],"curies":[{"name":"wp","href":"https:\/\/api.w.org\/{rel}","templated":true}]}}