{"id":23295,"date":"2022-12-16T09:35:46","date_gmt":"2022-12-16T07:35:46","guid":{"rendered":"https:\/\/rubi5.com\/?post_type=product&#038;p=23295"},"modified":"2025-05-06T08:51:09","modified_gmt":"2025-05-06T06:51:09","slug":"braga-holiam","status":"publish","type":"product","link":"https:\/\/rubi5.com\/staging\/braga-holiam\/","title":{"rendered":"Braga Holiam"},"content":{"rendered":"","protected":false},"excerpt":{"rendered":"<p>Braga de ni\u00f1o de alta calidad para cuello o cabeza, en suave poli\u00e9ster el\u00e1stico y disponible en extensa gama de vivos colores. F\u00e1cil impresi\u00f3n y color blanco especialmente dise\u00f1ado para impresi\u00f3n en sublimaci\u00f3n.<\/p>\n","protected":false},"featured_media":23375,"template":"","meta":{"_acf_changed":false},"product_brand":[],"product_cat":[738,737,29],"product_tag":[],"class_list":{"0":"post-23295","1":"product","2":"type-product","3":"status-publish","4":"has-post-thumbnail","6":"product_cat-bragas-de-cuello-personalizadas","7":"product_cat-complementos-personalizados","8":"product_cat-textil","10":"first","11":"instock","12":"taxable","13":"shipping-taxable","14":"product-type-external"},"acf":[],"_links":{"self":[{"href":"https:\/\/rubi5.com\/staging\/wp-json\/wp\/v2\/product\/23295","targetHints":{"allow":["GET"]}}],"collection":[{"href":"https:\/\/rubi5.com\/staging\/wp-json\/wp\/v2\/product"}],"about":[{"href":"https:\/\/rubi5.com\/staging\/wp-json\/wp\/v2\/types\/product"}],"version-history":[{"count":1,"href":"https:\/\/rubi5.com\/staging\/wp-json\/wp\/v2\/product\/23295\/revisions"}],"predecessor-version":[{"id":23368,"href":"https:\/\/rubi5.com\/staging\/wp-json\/wp\/v2\/product\/23295\/revisions\/23368"}],"wp:featuredmedia":[{"embeddable":true,"href":"https:\/\/rubi5.com\/staging\/wp-json\/wp\/v2\/media\/23375"}],"wp:attachment":[{"href":"https:\/\/rubi5.com\/staging\/wp-json\/wp\/v2\/media?parent=23295"}],"wp:term":[{"taxonomy":"product_brand","embeddable":true,"href":"https:\/\/rubi5.com\/staging\/wp-json\/wp\/v2\/product_brand?post=23295"},{"taxonomy":"product_cat","embeddable":true,"href":"https:\/\/rubi5.com\/staging\/wp-json\/wp\/v2\/product_cat?post=23295"},{"taxonomy":"product_tag","embeddable":true,"href":"https:\/\/rubi5.com\/staging\/wp-json\/wp\/v2\/product_tag?post=23295"}],"curies":[{"name":"wp","href":"https:\/\/api.w.org\/{rel}","templated":true}]}}