{"id":23316,"date":"2022-12-16T09:36:09","date_gmt":"2022-12-16T07:36:09","guid":{"rendered":"https:\/\/rubi5.com\/?post_type=product&#038;p=23316"},"modified":"2025-05-06T08:50:33","modified_gmt":"2025-05-06T06:50:33","slug":"gorro-holsen","status":"publish","type":"product","link":"https:\/\/rubi5.com\/staging\/gorro-holsen\/","title":{"rendered":"Gorro Holsen"},"content":{"rendered":"","protected":false},"excerpt":{"rendered":"<p>Suave y c\u00e1lido gorro de punto en poli\u00e9ster el\u00e1stico de doble capa. Con banda frontal a juego para marcaje y disponible en variada gama de colores.<\/p>\n","protected":false},"featured_media":23388,"template":"","meta":{"_acf_changed":false},"product_brand":[],"product_cat":[738,737,29],"product_tag":[],"class_list":{"0":"post-23316","1":"product","2":"type-product","3":"status-publish","4":"has-post-thumbnail","6":"product_cat-bragas-de-cuello-personalizadas","7":"product_cat-complementos-personalizados","8":"product_cat-textil","10":"first","11":"instock","12":"taxable","13":"shipping-taxable","14":"product-type-external"},"acf":[],"_links":{"self":[{"href":"https:\/\/rubi5.com\/staging\/wp-json\/wp\/v2\/product\/23316","targetHints":{"allow":["GET"]}}],"collection":[{"href":"https:\/\/rubi5.com\/staging\/wp-json\/wp\/v2\/product"}],"about":[{"href":"https:\/\/rubi5.com\/staging\/wp-json\/wp\/v2\/types\/product"}],"version-history":[{"count":4,"href":"https:\/\/rubi5.com\/staging\/wp-json\/wp\/v2\/product\/23316\/revisions"}],"predecessor-version":[{"id":61212,"href":"https:\/\/rubi5.com\/staging\/wp-json\/wp\/v2\/product\/23316\/revisions\/61212"}],"wp:featuredmedia":[{"embeddable":true,"href":"https:\/\/rubi5.com\/staging\/wp-json\/wp\/v2\/media\/23388"}],"wp:attachment":[{"href":"https:\/\/rubi5.com\/staging\/wp-json\/wp\/v2\/media?parent=23316"}],"wp:term":[{"taxonomy":"product_brand","embeddable":true,"href":"https:\/\/rubi5.com\/staging\/wp-json\/wp\/v2\/product_brand?post=23316"},{"taxonomy":"product_cat","embeddable":true,"href":"https:\/\/rubi5.com\/staging\/wp-json\/wp\/v2\/product_cat?post=23316"},{"taxonomy":"product_tag","embeddable":true,"href":"https:\/\/rubi5.com\/staging\/wp-json\/wp\/v2\/product_tag?post=23316"}],"curies":[{"name":"wp","href":"https:\/\/api.w.org\/{rel}","templated":true}]}}