{"id":23339,"date":"2022-12-16T09:36:32","date_gmt":"2022-12-16T07:36:32","guid":{"rendered":"https:\/\/rubi5.com\/?post_type=product&#038;p=23339"},"modified":"2025-05-06T08:50:45","modified_gmt":"2025-05-06T06:50:45","slug":"braga-gorro-ponkar","status":"publish","type":"product","link":"https:\/\/rubi5.com\/staging\/braga-gorro-ponkar\/","title":{"rendered":"Braga Gorro Ponkar"},"content":{"rendered":"","protected":false},"excerpt":{"rendered":"<p>Braga de alta calidad para cuello o cabeza en combinaci\u00f3n de materiales poli\u00e9ster\/spandex y coral fleece de 280g\/m2. Color blanco ideal para sublimaci\u00f3n y resto de gama de colores ideales para una f\u00e1cil impresi\u00f3n. Con accesorios en color negro y cierre de cord\u00f3n con accesorio de ajuste.<\/p>\n","protected":false},"featured_media":23420,"template":"","meta":{"_acf_changed":false},"product_brand":[],"product_cat":[738,737,29],"product_tag":[],"class_list":{"0":"post-23339","1":"product","2":"type-product","3":"status-publish","4":"has-post-thumbnail","6":"product_cat-bragas-de-cuello-personalizadas","7":"product_cat-complementos-personalizados","8":"product_cat-textil","10":"first","11":"instock","12":"taxable","13":"shipping-taxable","14":"product-type-external"},"acf":[],"_links":{"self":[{"href":"https:\/\/rubi5.com\/staging\/wp-json\/wp\/v2\/product\/23339","targetHints":{"allow":["GET"]}}],"collection":[{"href":"https:\/\/rubi5.com\/staging\/wp-json\/wp\/v2\/product"}],"about":[{"href":"https:\/\/rubi5.com\/staging\/wp-json\/wp\/v2\/types\/product"}],"version-history":[{"count":1,"href":"https:\/\/rubi5.com\/staging\/wp-json\/wp\/v2\/product\/23339\/revisions"}],"predecessor-version":[{"id":23404,"href":"https:\/\/rubi5.com\/staging\/wp-json\/wp\/v2\/product\/23339\/revisions\/23404"}],"wp:featuredmedia":[{"embeddable":true,"href":"https:\/\/rubi5.com\/staging\/wp-json\/wp\/v2\/media\/23420"}],"wp:attachment":[{"href":"https:\/\/rubi5.com\/staging\/wp-json\/wp\/v2\/media?parent=23339"}],"wp:term":[{"taxonomy":"product_brand","embeddable":true,"href":"https:\/\/rubi5.com\/staging\/wp-json\/wp\/v2\/product_brand?post=23339"},{"taxonomy":"product_cat","embeddable":true,"href":"https:\/\/rubi5.com\/staging\/wp-json\/wp\/v2\/product_cat?post=23339"},{"taxonomy":"product_tag","embeddable":true,"href":"https:\/\/rubi5.com\/staging\/wp-json\/wp\/v2\/product_tag?post=23339"}],"curies":[{"name":"wp","href":"https:\/\/api.w.org\/{rel}","templated":true}]}}