{"id":23361,"date":"2022-12-16T09:36:56","date_gmt":"2022-12-16T07:36:56","guid":{"rendered":"https:\/\/rubi5.com\/?post_type=product&#038;p=23361"},"modified":"2025-05-06T08:50:58","modified_gmt":"2025-05-06T06:50:58","slug":"braga-suanix","status":"publish","type":"product","link":"https:\/\/rubi5.com\/staging\/braga-suanix\/","title":{"rendered":"Braga Suanix"},"content":{"rendered":"","protected":false},"excerpt":{"rendered":"<p>Braga multiposici\u00f3n de alta calidad de l\u00ednea nature. En suave poli\u00e9ster el\u00e1stico RPET, elaborado a partir de pl\u00e1stico reciclado para as\u00ed fomentar la reutilizaci\u00f3n de residuos pl\u00e1sticos y contribuir a la sostenibilidad del planeta. Con distintivo RPET en etiqueta exterior.<\/p>\n","protected":false},"featured_media":23423,"template":"","meta":{"_acf_changed":false},"product_brand":[],"product_cat":[738,737,29],"product_tag":[],"class_list":{"0":"post-23361","1":"product","2":"type-product","3":"status-publish","4":"has-post-thumbnail","6":"product_cat-bragas-de-cuello-personalizadas","7":"product_cat-complementos-personalizados","8":"product_cat-textil","10":"first","11":"instock","12":"taxable","13":"shipping-taxable","14":"product-type-external"},"acf":[],"_links":{"self":[{"href":"https:\/\/rubi5.com\/staging\/wp-json\/wp\/v2\/product\/23361","targetHints":{"allow":["GET"]}}],"collection":[{"href":"https:\/\/rubi5.com\/staging\/wp-json\/wp\/v2\/product"}],"about":[{"href":"https:\/\/rubi5.com\/staging\/wp-json\/wp\/v2\/types\/product"}],"version-history":[{"count":1,"href":"https:\/\/rubi5.com\/staging\/wp-json\/wp\/v2\/product\/23361\/revisions"}],"predecessor-version":[{"id":23425,"href":"https:\/\/rubi5.com\/staging\/wp-json\/wp\/v2\/product\/23361\/revisions\/23425"}],"wp:featuredmedia":[{"embeddable":true,"href":"https:\/\/rubi5.com\/staging\/wp-json\/wp\/v2\/media\/23423"}],"wp:attachment":[{"href":"https:\/\/rubi5.com\/staging\/wp-json\/wp\/v2\/media?parent=23361"}],"wp:term":[{"taxonomy":"product_brand","embeddable":true,"href":"https:\/\/rubi5.com\/staging\/wp-json\/wp\/v2\/product_brand?post=23361"},{"taxonomy":"product_cat","embeddable":true,"href":"https:\/\/rubi5.com\/staging\/wp-json\/wp\/v2\/product_cat?post=23361"},{"taxonomy":"product_tag","embeddable":true,"href":"https:\/\/rubi5.com\/staging\/wp-json\/wp\/v2\/product_tag?post=23361"}],"curies":[{"name":"wp","href":"https:\/\/api.w.org\/{rel}","templated":true}]}}