{"id":23413,"date":"2022-12-16T09:37:44","date_gmt":"2022-12-16T07:37:44","guid":{"rendered":"https:\/\/rubi5.com\/?post_type=product&#038;p=23413"},"modified":"2025-02-11T11:36:44","modified_gmt":"2025-02-11T09:36:44","slug":"guante-tactil-tellar","status":"publish","type":"product","link":"https:\/\/rubi5.com\/staging\/guante-tactil-tellar\/","title":{"rendered":"Guante T\u00e1ctil Tellar"},"content":{"rendered":"","protected":false},"excerpt":{"rendered":"<p>Pr\u00e1ctico par de guantes para dispositivos con pantalla t\u00e1ctil de c\u00e1lido y suave acabado acr\u00edlico. Integran puntero en todos los dedos para experiencia t\u00e1ctil completa. Talla \u00fanica.<\/p>\n<p><strong>**PENSADO PARA PERSONALIZAR EN BORDADO**<\/strong><\/p>\n<p><strong>**CONSULTAR PRECIO SEG\u00daN DISE\u00d1O**\u00a0<\/strong><\/p>\n","protected":false},"featured_media":23477,"template":"","meta":{"_acf_changed":false},"product_brand":[],"product_cat":[737,739,29],"product_tag":[],"class_list":{"0":"post-23413","1":"product","2":"type-product","3":"status-publish","4":"has-post-thumbnail","6":"product_cat-complementos-personalizados","7":"product_cat-guantes-personalizados","8":"product_cat-textil","10":"first","11":"instock","12":"taxable","13":"shipping-taxable","14":"product-type-external"},"acf":[],"_links":{"self":[{"href":"https:\/\/rubi5.com\/staging\/wp-json\/wp\/v2\/product\/23413","targetHints":{"allow":["GET"]}}],"collection":[{"href":"https:\/\/rubi5.com\/staging\/wp-json\/wp\/v2\/product"}],"about":[{"href":"https:\/\/rubi5.com\/staging\/wp-json\/wp\/v2\/types\/product"}],"version-history":[{"count":3,"href":"https:\/\/rubi5.com\/staging\/wp-json\/wp\/v2\/product\/23413\/revisions"}],"predecessor-version":[{"id":61306,"href":"https:\/\/rubi5.com\/staging\/wp-json\/wp\/v2\/product\/23413\/revisions\/61306"}],"wp:featuredmedia":[{"embeddable":true,"href":"https:\/\/rubi5.com\/staging\/wp-json\/wp\/v2\/media\/23477"}],"wp:attachment":[{"href":"https:\/\/rubi5.com\/staging\/wp-json\/wp\/v2\/media?parent=23413"}],"wp:term":[{"taxonomy":"product_brand","embeddable":true,"href":"https:\/\/rubi5.com\/staging\/wp-json\/wp\/v2\/product_brand?post=23413"},{"taxonomy":"product_cat","embeddable":true,"href":"https:\/\/rubi5.com\/staging\/wp-json\/wp\/v2\/product_cat?post=23413"},{"taxonomy":"product_tag","embeddable":true,"href":"https:\/\/rubi5.com\/staging\/wp-json\/wp\/v2\/product_tag?post=23413"}],"curies":[{"name":"wp","href":"https:\/\/api.w.org\/{rel}","templated":true}]}}