{"id":23601,"date":"2022-12-16T09:41:01","date_gmt":"2022-12-16T07:41:01","guid":{"rendered":"https:\/\/rubi5.com\/?post_type=product&#038;p=23601"},"modified":"2026-01-22T04:35:14","modified_gmt":"2026-01-22T02:35:14","slug":"gorra-blazok","status":"publish","type":"product","link":"https:\/\/rubi5.com\/staging\/gorra-blazok\/","title":{"rendered":"Gorra Blazok"},"content":{"rendered":"","protected":false},"excerpt":{"rendered":"<p>Gorra de 6 paneles en combinaci\u00f3n de materiales microfibra y poli\u00e9ster. En variada gama de vivos colores, con orificios de ventilaci\u00f3n bordados y cierre ajustable de velcro.<\/p>\n","protected":false},"featured_media":23659,"template":"","meta":{"_acf_changed":false},"product_brand":[],"product_cat":[737,740,29],"product_tag":[],"class_list":{"0":"post-23601","1":"product","2":"type-product","3":"status-publish","4":"has-post-thumbnail","6":"product_cat-complementos-personalizados","7":"product_cat-gorras-personalizadas","8":"product_cat-textil","10":"first","11":"instock","12":"taxable","13":"shipping-taxable","14":"purchasable","15":"product-type-variable"},"acf":[],"_links":{"self":[{"href":"https:\/\/rubi5.com\/staging\/wp-json\/wp\/v2\/product\/23601","targetHints":{"allow":["GET"]}}],"collection":[{"href":"https:\/\/rubi5.com\/staging\/wp-json\/wp\/v2\/product"}],"about":[{"href":"https:\/\/rubi5.com\/staging\/wp-json\/wp\/v2\/types\/product"}],"version-history":[{"count":2,"href":"https:\/\/rubi5.com\/staging\/wp-json\/wp\/v2\/product\/23601\/revisions"}],"predecessor-version":[{"id":61216,"href":"https:\/\/rubi5.com\/staging\/wp-json\/wp\/v2\/product\/23601\/revisions\/61216"}],"wp:featuredmedia":[{"embeddable":true,"href":"https:\/\/rubi5.com\/staging\/wp-json\/wp\/v2\/media\/23659"}],"wp:attachment":[{"href":"https:\/\/rubi5.com\/staging\/wp-json\/wp\/v2\/media?parent=23601"}],"wp:term":[{"taxonomy":"product_brand","embeddable":true,"href":"https:\/\/rubi5.com\/staging\/wp-json\/wp\/v2\/product_brand?post=23601"},{"taxonomy":"product_cat","embeddable":true,"href":"https:\/\/rubi5.com\/staging\/wp-json\/wp\/v2\/product_cat?post=23601"},{"taxonomy":"product_tag","embeddable":true,"href":"https:\/\/rubi5.com\/staging\/wp-json\/wp\/v2\/product_tag?post=23601"}],"curies":[{"name":"wp","href":"https:\/\/api.w.org\/{rel}","templated":true}]}}