{"id":23678,"date":"2022-12-16T09:42:11","date_gmt":"2022-12-16T07:42:11","guid":{"rendered":"https:\/\/rubi5.com\/?post_type=product&#038;p=23678"},"modified":"2026-01-22T04:35:13","modified_gmt":"2026-01-22T02:35:13","slug":"gorra-keinfax","status":"publish","type":"product","link":"https:\/\/rubi5.com\/staging\/gorra-keinfax\/","title":{"rendered":"Gorra Keinfax"},"content":{"rendered":"","protected":false},"excerpt":{"rendered":"<p>Gorra de l\u00ednea nature. 5 paneles en material RPET de suave acabado, elaborado a partir de pl\u00e1stico reciclado, para as\u00ed fomentar la reutilizaci\u00f3n de residuos pl\u00e1sticos y ayudar a la sostenibilidad del planeta. Con cierre ajustable de velcro y orificios de ventilaci\u00f3n bordados, Disponible en variada gama de colores (color blanco especialmente fabricado para impresi\u00f3n en sublimaci\u00f3n). Distintivo RPET en etiqueta.<\/p>\n","protected":false},"featured_media":23736,"template":"","meta":{"_acf_changed":false},"product_brand":[],"product_cat":[737,740,29],"product_tag":[],"class_list":{"0":"post-23678","1":"product","2":"type-product","3":"status-publish","4":"has-post-thumbnail","6":"product_cat-complementos-personalizados","7":"product_cat-gorras-personalizadas","8":"product_cat-textil","10":"first","11":"instock","12":"taxable","13":"shipping-taxable","14":"purchasable","15":"product-type-variable"},"acf":[],"_links":{"self":[{"href":"https:\/\/rubi5.com\/staging\/wp-json\/wp\/v2\/product\/23678","targetHints":{"allow":["GET"]}}],"collection":[{"href":"https:\/\/rubi5.com\/staging\/wp-json\/wp\/v2\/product"}],"about":[{"href":"https:\/\/rubi5.com\/staging\/wp-json\/wp\/v2\/types\/product"}],"version-history":[{"count":1,"href":"https:\/\/rubi5.com\/staging\/wp-json\/wp\/v2\/product\/23678\/revisions"}],"predecessor-version":[{"id":23738,"href":"https:\/\/rubi5.com\/staging\/wp-json\/wp\/v2\/product\/23678\/revisions\/23738"}],"wp:featuredmedia":[{"embeddable":true,"href":"https:\/\/rubi5.com\/staging\/wp-json\/wp\/v2\/media\/23736"}],"wp:attachment":[{"href":"https:\/\/rubi5.com\/staging\/wp-json\/wp\/v2\/media?parent=23678"}],"wp:term":[{"taxonomy":"product_brand","embeddable":true,"href":"https:\/\/rubi5.com\/staging\/wp-json\/wp\/v2\/product_brand?post=23678"},{"taxonomy":"product_cat","embeddable":true,"href":"https:\/\/rubi5.com\/staging\/wp-json\/wp\/v2\/product_cat?post=23678"},{"taxonomy":"product_tag","embeddable":true,"href":"https:\/\/rubi5.com\/staging\/wp-json\/wp\/v2\/product_tag?post=23678"}],"curies":[{"name":"wp","href":"https:\/\/api.w.org\/{rel}","templated":true}]}}