{"id":23700,"date":"2022-12-16T09:42:35","date_gmt":"2022-12-16T07:42:35","guid":{"rendered":"https:\/\/rubi5.com\/?post_type=product&#038;p=23700"},"modified":"2026-01-22T04:35:13","modified_gmt":"2026-01-22T02:35:13","slug":"gorra-danix","status":"publish","type":"product","link":"https:\/\/rubi5.com\/staging\/gorra-danix\/","title":{"rendered":"Gorra Danix"},"content":{"rendered":"","protected":false},"excerpt":{"rendered":"<p>Gorra de 6 paneles en originales combinaciones bicolor. De poli\u00e9ster, con tela de rejilla, orificios de ventilaci\u00f3n frontales bordados y cierre ajustable de pl\u00e1stico.<\/p>\n","protected":false},"featured_media":23759,"template":"","meta":{"_acf_changed":false},"product_brand":[],"product_cat":[737,740,29],"product_tag":[],"class_list":{"0":"post-23700","1":"product","2":"type-product","3":"status-publish","4":"has-post-thumbnail","6":"product_cat-complementos-personalizados","7":"product_cat-gorras-personalizadas","8":"product_cat-textil","10":"first","11":"instock","12":"taxable","13":"shipping-taxable","14":"purchasable","15":"product-type-variable"},"acf":[],"_links":{"self":[{"href":"https:\/\/rubi5.com\/staging\/wp-json\/wp\/v2\/product\/23700","targetHints":{"allow":["GET"]}}],"collection":[{"href":"https:\/\/rubi5.com\/staging\/wp-json\/wp\/v2\/product"}],"about":[{"href":"https:\/\/rubi5.com\/staging\/wp-json\/wp\/v2\/types\/product"}],"version-history":[{"count":1,"href":"https:\/\/rubi5.com\/staging\/wp-json\/wp\/v2\/product\/23700\/revisions"}],"predecessor-version":[{"id":23761,"href":"https:\/\/rubi5.com\/staging\/wp-json\/wp\/v2\/product\/23700\/revisions\/23761"}],"wp:featuredmedia":[{"embeddable":true,"href":"https:\/\/rubi5.com\/staging\/wp-json\/wp\/v2\/media\/23759"}],"wp:attachment":[{"href":"https:\/\/rubi5.com\/staging\/wp-json\/wp\/v2\/media?parent=23700"}],"wp:term":[{"taxonomy":"product_brand","embeddable":true,"href":"https:\/\/rubi5.com\/staging\/wp-json\/wp\/v2\/product_brand?post=23700"},{"taxonomy":"product_cat","embeddable":true,"href":"https:\/\/rubi5.com\/staging\/wp-json\/wp\/v2\/product_cat?post=23700"},{"taxonomy":"product_tag","embeddable":true,"href":"https:\/\/rubi5.com\/staging\/wp-json\/wp\/v2\/product_tag?post=23700"}],"curies":[{"name":"wp","href":"https:\/\/api.w.org\/{rel}","templated":true}]}}