{"id":23747,"date":"2022-12-16T09:43:21","date_gmt":"2022-12-16T07:43:21","guid":{"rendered":"https:\/\/rubi5.com\/?post_type=product&#038;p=23747"},"modified":"2026-01-22T04:35:13","modified_gmt":"2026-01-22T02:35:13","slug":"sombrero-braz","status":"publish","type":"product","link":"https:\/\/rubi5.com\/staging\/sombrero-braz\/","title":{"rendered":"Sombrero Braz"},"content":{"rendered":"","protected":false},"excerpt":{"rendered":"<p>Sombrero de poli\u00e9ster con c\u00f3moda y suave cinta interior. La cinta exterior no viene incluida, pero podr\u00e1s a\u00f1adirla y personalizarla con el logo de tu bar o el nombre de vuestra pe\u00f1a. Elige el color que mejor combine con tu marca, y despu\u00e9s decide cu\u00e1l ser\u00e1 el color de la cinta que vas a personalizar con tu imagen de marca.<\/p>\n<p>\u00bfSon las fiestas de tu pueblo y est\u00e1s en una pe\u00f1a grande? Este sombrero personalizado es una idea perfecta y diferente a la t\u00edpica pa\u00f1oleta que llevan otras pe\u00f1as.<\/p>\n","protected":false},"featured_media":23791,"template":"","meta":{"_acf_changed":false},"product_brand":[],"product_cat":[737,418,29],"product_tag":[],"class_list":{"0":"post-23747","1":"product","2":"type-product","3":"status-publish","4":"has-post-thumbnail","6":"product_cat-complementos-personalizados","7":"product_cat-sombreros-personalizados","8":"product_cat-textil","10":"first","11":"instock","12":"taxable","13":"shipping-taxable","14":"purchasable","15":"product-type-variable"},"acf":[],"_links":{"self":[{"href":"https:\/\/rubi5.com\/staging\/wp-json\/wp\/v2\/product\/23747","targetHints":{"allow":["GET"]}}],"collection":[{"href":"https:\/\/rubi5.com\/staging\/wp-json\/wp\/v2\/product"}],"about":[{"href":"https:\/\/rubi5.com\/staging\/wp-json\/wp\/v2\/types\/product"}],"version-history":[{"count":3,"href":"https:\/\/rubi5.com\/staging\/wp-json\/wp\/v2\/product\/23747\/revisions"}],"predecessor-version":[{"id":56359,"href":"https:\/\/rubi5.com\/staging\/wp-json\/wp\/v2\/product\/23747\/revisions\/56359"}],"wp:featuredmedia":[{"embeddable":true,"href":"https:\/\/rubi5.com\/staging\/wp-json\/wp\/v2\/media\/23791"}],"wp:attachment":[{"href":"https:\/\/rubi5.com\/staging\/wp-json\/wp\/v2\/media?parent=23747"}],"wp:term":[{"taxonomy":"product_brand","embeddable":true,"href":"https:\/\/rubi5.com\/staging\/wp-json\/wp\/v2\/product_brand?post=23747"},{"taxonomy":"product_cat","embeddable":true,"href":"https:\/\/rubi5.com\/staging\/wp-json\/wp\/v2\/product_cat?post=23747"},{"taxonomy":"product_tag","embeddable":true,"href":"https:\/\/rubi5.com\/staging\/wp-json\/wp\/v2\/product_tag?post=23747"}],"curies":[{"name":"wp","href":"https:\/\/api.w.org\/{rel}","templated":true}]}}