{"id":23800,"date":"2022-12-16T09:44:15","date_gmt":"2022-12-16T07:44:15","guid":{"rendered":"https:\/\/rubi5.com\/?post_type=product&#038;p=23800"},"modified":"2026-01-22T04:35:13","modified_gmt":"2026-01-22T02:35:13","slug":"sombrero-zelio","status":"publish","type":"product","link":"https:\/\/rubi5.com\/staging\/sombrero-zelio\/","title":{"rendered":"Sombrero Zelio"},"content":{"rendered":"","protected":false},"excerpt":{"rendered":"<p>Sombrero de paja publicitario en colores naturales con confortable cinta interior. Tendr\u00e1s la opci\u00f3n de elegir un sombrero en un color m\u00e1s blanco, y otro m\u00e1s verdoso.<\/p>\n<p>El sombrero no incluye la cinta exterior, pero podr\u00e1s a\u00f1adir una cinta personalizada con tu imagen de marca o con los logos de las empresas patrocinadoras de tu evento.<\/p>\n<p>\u00a1T\u00fa eliges la personalizaci\u00f3n de tu sombrero!<\/p>\n","protected":false},"featured_media":23831,"template":"","meta":{"_acf_changed":false},"product_brand":[],"product_cat":[737,418,29],"product_tag":[],"class_list":{"0":"post-23800","1":"product","2":"type-product","3":"status-publish","4":"has-post-thumbnail","6":"product_cat-complementos-personalizados","7":"product_cat-sombreros-personalizados","8":"product_cat-textil","10":"first","11":"instock","12":"taxable","13":"shipping-taxable","14":"purchasable","15":"product-type-variable"},"acf":[],"_links":{"self":[{"href":"https:\/\/rubi5.com\/staging\/wp-json\/wp\/v2\/product\/23800","targetHints":{"allow":["GET"]}}],"collection":[{"href":"https:\/\/rubi5.com\/staging\/wp-json\/wp\/v2\/product"}],"about":[{"href":"https:\/\/rubi5.com\/staging\/wp-json\/wp\/v2\/types\/product"}],"version-history":[{"count":4,"href":"https:\/\/rubi5.com\/staging\/wp-json\/wp\/v2\/product\/23800\/revisions"}],"predecessor-version":[{"id":56341,"href":"https:\/\/rubi5.com\/staging\/wp-json\/wp\/v2\/product\/23800\/revisions\/56341"}],"wp:featuredmedia":[{"embeddable":true,"href":"https:\/\/rubi5.com\/staging\/wp-json\/wp\/v2\/media\/23831"}],"wp:attachment":[{"href":"https:\/\/rubi5.com\/staging\/wp-json\/wp\/v2\/media?parent=23800"}],"wp:term":[{"taxonomy":"product_brand","embeddable":true,"href":"https:\/\/rubi5.com\/staging\/wp-json\/wp\/v2\/product_brand?post=23800"},{"taxonomy":"product_cat","embeddable":true,"href":"https:\/\/rubi5.com\/staging\/wp-json\/wp\/v2\/product_cat?post=23800"},{"taxonomy":"product_tag","embeddable":true,"href":"https:\/\/rubi5.com\/staging\/wp-json\/wp\/v2\/product_tag?post=23800"}],"curies":[{"name":"wp","href":"https:\/\/api.w.org\/{rel}","templated":true}]}}