{"id":24245,"date":"2022-12-19T12:10:33","date_gmt":"2022-12-19T10:10:33","guid":{"rendered":"https:\/\/rubi5.com\/?post_type=product&#038;p=24245"},"modified":"2025-02-24T12:56:16","modified_gmt":"2025-02-24T10:56:16","slug":"sudadera-con-capucha-urban-woman","status":"publish","type":"product","link":"https:\/\/rubi5.com\/staging\/sudadera-con-capucha-urban-woman\/","title":{"rendered":"Sudadera con capucha Urban Woman"},"content":{"rendered":"<h2>TABLA DE TALLAS<\/h2>\n<table width=\"514\">\n<tbody>\n<tr>\n<td width=\"114\">TALLAS ADULTOS:<\/td>\n<td width=\"80\">S<\/td>\n<td width=\"80\">M<\/td>\n<td width=\"80\">L<\/td>\n<td width=\"80\">XL<\/td>\n<td width=\"80\">2XL<\/td>\n<\/tr>\n<tr>\n<td>ANCHO (A)<\/td>\n<td>47cm<\/td>\n<td>50cm<\/td>\n<td>53cm<\/td>\n<td>56cm<\/td>\n<td>59cm<\/td>\n<\/tr>\n<tr>\n<td>LARGO (B)<\/td>\n<td>63cm<\/td>\n<td>65cm<\/td>\n<td>67cm<\/td>\n<td>69cm<\/td>\n<td>71cm<\/td>\n<\/tr>\n<\/tbody>\n<\/table>\n<p><img loading=\"lazy\" decoding=\"async\" class=\"alignnone wp-image-64997\" src=\"https:\/\/rubi5.com\/staging\/wp-content\/uploads\/2023\/01\/guia-tallas-sudaderas.png\" alt=\"Gu\u00eda tallas sudaderas\" width=\"225\" height=\"170\" title=\"\" srcset=\"https:\/\/rubi5.com\/staging\/wp-content\/uploads\/2023\/01\/guia-tallas-sudaderas.png 366w, https:\/\/rubi5.com\/staging\/wp-content\/uploads\/2023\/01\/guia-tallas-sudaderas-16x12.png 16w, https:\/\/rubi5.com\/staging\/wp-content\/uploads\/2023\/01\/guia-tallas-sudaderas-150x114.png 150w\" sizes=\"auto, (max-width: 225px) 100vw, 225px\" \/><\/p>\n","protected":false},"excerpt":{"rendered":"<p>Sudadera entallada de corte femenino con capucha bicolor de doble tejido, con cord\u00f3n contrastado ajustable, cubrecosturas en el cuello y bolsillo canguro. Punto canal\u00e9 con elastano 1&#215;1 en pu\u00f1os y cintura. Detalle thumb slit \u2013 pu\u00f1os con apertura para el pulgar.<\/p>\n","protected":false},"featured_media":55263,"template":"","meta":{"_acf_changed":false},"product_brand":[],"product_cat":[400,399,29],"product_tag":[],"class_list":{"0":"post-24245","1":"product","2":"type-product","3":"status-publish","4":"has-post-thumbnail","6":"product_cat-sudaderas-con-capucha","7":"product_cat-sudaderas-personalizadas","8":"product_cat-textil","9":"pa_marcas-roly","11":"first","12":"instock","13":"taxable","14":"shipping-taxable","15":"product-type-external"},"acf":[],"_links":{"self":[{"href":"https:\/\/rubi5.com\/staging\/wp-json\/wp\/v2\/product\/24245","targetHints":{"allow":["GET"]}}],"collection":[{"href":"https:\/\/rubi5.com\/staging\/wp-json\/wp\/v2\/product"}],"about":[{"href":"https:\/\/rubi5.com\/staging\/wp-json\/wp\/v2\/types\/product"}],"version-history":[{"count":8,"href":"https:\/\/rubi5.com\/staging\/wp-json\/wp\/v2\/product\/24245\/revisions"}],"predecessor-version":[{"id":65016,"href":"https:\/\/rubi5.com\/staging\/wp-json\/wp\/v2\/product\/24245\/revisions\/65016"}],"wp:featuredmedia":[{"embeddable":true,"href":"https:\/\/rubi5.com\/staging\/wp-json\/wp\/v2\/media\/55263"}],"wp:attachment":[{"href":"https:\/\/rubi5.com\/staging\/wp-json\/wp\/v2\/media?parent=24245"}],"wp:term":[{"taxonomy":"product_brand","embeddable":true,"href":"https:\/\/rubi5.com\/staging\/wp-json\/wp\/v2\/product_brand?post=24245"},{"taxonomy":"product_cat","embeddable":true,"href":"https:\/\/rubi5.com\/staging\/wp-json\/wp\/v2\/product_cat?post=24245"},{"taxonomy":"product_tag","embeddable":true,"href":"https:\/\/rubi5.com\/staging\/wp-json\/wp\/v2\/product_tag?post=24245"}],"curies":[{"name":"wp","href":"https:\/\/api.w.org\/{rel}","templated":true}]}}