{"id":24568,"date":"2022-12-19T12:14:17","date_gmt":"2022-12-19T10:14:17","guid":{"rendered":"https:\/\/rubi5.com\/?post_type=product&#038;p=24568"},"modified":"2025-02-24T12:55:43","modified_gmt":"2025-02-24T10:55:43","slug":"sudadera-cremallera-mujer-veleta","status":"publish","type":"product","link":"https:\/\/rubi5.com\/staging\/sudadera-cremallera-mujer-veleta\/","title":{"rendered":"Sudadera cremallera mujer Veleta"},"content":{"rendered":"<h2>TABLA DE TALLAS<\/h2>\n<table width=\"514\">\n<tbody>\n<tr>\n<td width=\"114\">TALLAS ADULTOS:<\/td>\n<td width=\"80\">S<\/td>\n<td width=\"80\">M<\/td>\n<td width=\"80\">L<\/td>\n<td width=\"80\">XL<\/td>\n<td width=\"80\">2XL<\/td>\n<\/tr>\n<tr>\n<td>ANCHO (A)<\/td>\n<td>48cm<\/td>\n<td>50cm<\/td>\n<td>52cm<\/td>\n<td>55cm<\/td>\n<td>58cm<\/td>\n<\/tr>\n<tr>\n<td>LARGO (B)<\/td>\n<td>63cm<\/td>\n<td>65cm<\/td>\n<td>67cm<\/td>\n<td>68cm<\/td>\n<td>69cm<\/td>\n<\/tr>\n<\/tbody>\n<\/table>\n<p><img loading=\"lazy\" decoding=\"async\" class=\"alignnone wp-image-64997\" src=\"https:\/\/rubi5.com\/staging\/wp-content\/uploads\/2023\/01\/guia-tallas-sudaderas.png\" alt=\"Gu\u00eda tallas sudaderas\" width=\"225\" height=\"170\" title=\"\" srcset=\"https:\/\/rubi5.com\/staging\/wp-content\/uploads\/2023\/01\/guia-tallas-sudaderas.png 366w, https:\/\/rubi5.com\/staging\/wp-content\/uploads\/2023\/01\/guia-tallas-sudaderas-16x12.png 16w, https:\/\/rubi5.com\/staging\/wp-content\/uploads\/2023\/01\/guia-tallas-sudaderas-150x114.png 150w\" sizes=\"auto, (max-width: 225px) 100vw, 225px\" \/><\/p>\n","protected":false},"excerpt":{"rendered":"<p>Sudadera de mujer con capucha forrada a tono. Cremallera met\u00e1lica frontal y bolsillo estilo canguro. Cubrecosturas reforzado en el cuello interior, corte entallado, y punto canal\u00e9 2&#215;2 en pu\u00f1os y cintura.<\/p>\n","protected":false},"featured_media":55334,"template":"","meta":{"_acf_changed":false},"product_brand":[],"product_cat":[400,399,29],"product_tag":[],"class_list":{"0":"post-24568","1":"product","2":"type-product","3":"status-publish","4":"has-post-thumbnail","6":"product_cat-sudaderas-con-capucha","7":"product_cat-sudaderas-personalizadas","8":"product_cat-textil","9":"pa_marcas-roly","11":"first","12":"instock","13":"taxable","14":"shipping-taxable","15":"product-type-external"},"acf":[],"_links":{"self":[{"href":"https:\/\/rubi5.com\/staging\/wp-json\/wp\/v2\/product\/24568","targetHints":{"allow":["GET"]}}],"collection":[{"href":"https:\/\/rubi5.com\/staging\/wp-json\/wp\/v2\/product"}],"about":[{"href":"https:\/\/rubi5.com\/staging\/wp-json\/wp\/v2\/types\/product"}],"version-history":[{"count":8,"href":"https:\/\/rubi5.com\/staging\/wp-json\/wp\/v2\/product\/24568\/revisions"}],"predecessor-version":[{"id":65008,"href":"https:\/\/rubi5.com\/staging\/wp-json\/wp\/v2\/product\/24568\/revisions\/65008"}],"wp:featuredmedia":[{"embeddable":true,"href":"https:\/\/rubi5.com\/staging\/wp-json\/wp\/v2\/media\/55334"}],"wp:attachment":[{"href":"https:\/\/rubi5.com\/staging\/wp-json\/wp\/v2\/media?parent=24568"}],"wp:term":[{"taxonomy":"product_brand","embeddable":true,"href":"https:\/\/rubi5.com\/staging\/wp-json\/wp\/v2\/product_brand?post=24568"},{"taxonomy":"product_cat","embeddable":true,"href":"https:\/\/rubi5.com\/staging\/wp-json\/wp\/v2\/product_cat?post=24568"},{"taxonomy":"product_tag","embeddable":true,"href":"https:\/\/rubi5.com\/staging\/wp-json\/wp\/v2\/product_tag?post=24568"}],"curies":[{"name":"wp","href":"https:\/\/api.w.org\/{rel}","templated":true}]}}