{"id":24594,"date":"2022-12-19T12:14:19","date_gmt":"2022-12-19T10:14:19","guid":{"rendered":"https:\/\/rubi5.com\/?post_type=product&#038;p=24594"},"modified":"2025-02-24T12:55:32","modified_gmt":"2025-02-24T10:55:32","slug":"sudadera-cremallera-fuji","status":"publish","type":"product","link":"https:\/\/rubi5.com\/staging\/sudadera-cremallera-fuji\/","title":{"rendered":"Sudadera cremallera Fuji"},"content":{"rendered":"<h2>TABLA DE TALLAS<\/h2>\n<table width=\"514\">\n<tbody>\n<tr>\n<td width=\"114\">TALLAS ADULTOS:<\/td>\n<td width=\"80\">S<\/td>\n<td width=\"80\">M<\/td>\n<td width=\"80\">L<\/td>\n<td width=\"80\">XL<\/td>\n<td width=\"80\">2XL<\/td>\n<\/tr>\n<tr>\n<td>ANCHO (A)<\/td>\n<td>50cm<\/td>\n<td>53cm<\/td>\n<td>56cm<\/td>\n<td>59cm<\/td>\n<td>62cm<\/td>\n<\/tr>\n<tr>\n<td>LARGO (B)<\/td>\n<td>63cm<\/td>\n<td>66cm<\/td>\n<td>69cm<\/td>\n<td>72cm<\/td>\n<td>75cm<\/td>\n<\/tr>\n<\/tbody>\n<\/table>\n<p><img loading=\"lazy\" decoding=\"async\" class=\"alignnone wp-image-64997\" src=\"https:\/\/rubi5.com\/staging\/wp-content\/uploads\/2023\/01\/guia-tallas-sudaderas.png\" alt=\"Gu\u00eda tallas sudaderas\" width=\"234\" height=\"177\" title=\"\" srcset=\"https:\/\/rubi5.com\/staging\/wp-content\/uploads\/2023\/01\/guia-tallas-sudaderas.png 366w, https:\/\/rubi5.com\/staging\/wp-content\/uploads\/2023\/01\/guia-tallas-sudaderas-16x12.png 16w, https:\/\/rubi5.com\/staging\/wp-content\/uploads\/2023\/01\/guia-tallas-sudaderas-150x114.png 150w\" sizes=\"auto, (max-width: 234px) 100vw, 234px\" \/><\/p>\n","protected":false},"excerpt":{"rendered":"<p>Chaqueta de felpa no perchada con detalles en color fl\u00faor. Cremallera central con tirador en contraste color fl\u00faor. Capucha con forro interior en tejido de poli\u00e9ster microperforado en contraste color fl\u00faor, con cord\u00f3n y ojales met\u00e1licos en contraste color fl\u00faor. Manga larga con pu\u00f1o y cintura en punto canal\u00e9 1&#215;1. Dos bolsillos frontales con vivo ancho. Cubrecosturas reforzado en el interior del cuello.<\/p>\n","protected":false},"featured_media":55328,"template":"","meta":{"_acf_changed":false},"product_brand":[],"product_cat":[400,399,29],"product_tag":[],"class_list":{"0":"post-24594","1":"product","2":"type-product","3":"status-publish","4":"has-post-thumbnail","6":"product_cat-sudaderas-con-capucha","7":"product_cat-sudaderas-personalizadas","8":"product_cat-textil","9":"pa_marcas-roly","11":"first","12":"instock","13":"taxable","14":"shipping-taxable","15":"product-type-external"},"acf":[],"_links":{"self":[{"href":"https:\/\/rubi5.com\/staging\/wp-json\/wp\/v2\/product\/24594","targetHints":{"allow":["GET"]}}],"collection":[{"href":"https:\/\/rubi5.com\/staging\/wp-json\/wp\/v2\/product"}],"about":[{"href":"https:\/\/rubi5.com\/staging\/wp-json\/wp\/v2\/types\/product"}],"version-history":[{"count":10,"href":"https:\/\/rubi5.com\/staging\/wp-json\/wp\/v2\/product\/24594\/revisions"}],"predecessor-version":[{"id":65007,"href":"https:\/\/rubi5.com\/staging\/wp-json\/wp\/v2\/product\/24594\/revisions\/65007"}],"wp:featuredmedia":[{"embeddable":true,"href":"https:\/\/rubi5.com\/staging\/wp-json\/wp\/v2\/media\/55328"}],"wp:attachment":[{"href":"https:\/\/rubi5.com\/staging\/wp-json\/wp\/v2\/media?parent=24594"}],"wp:term":[{"taxonomy":"product_brand","embeddable":true,"href":"https:\/\/rubi5.com\/staging\/wp-json\/wp\/v2\/product_brand?post=24594"},{"taxonomy":"product_cat","embeddable":true,"href":"https:\/\/rubi5.com\/staging\/wp-json\/wp\/v2\/product_cat?post=24594"},{"taxonomy":"product_tag","embeddable":true,"href":"https:\/\/rubi5.com\/staging\/wp-json\/wp\/v2\/product_tag?post=24594"}],"curies":[{"name":"wp","href":"https:\/\/api.w.org\/{rel}","templated":true}]}}