{"id":25238,"date":"2022-12-19T13:46:08","date_gmt":"2022-12-19T11:46:08","guid":{"rendered":"https:\/\/rubi5.com\/?post_type=product&#038;p=25238"},"modified":"2025-02-24T12:58:50","modified_gmt":"2025-02-24T10:58:50","slug":"sudadera-clasica","status":"publish","type":"product","link":"https:\/\/rubi5.com\/staging\/sudadera-clasica\/","title":{"rendered":"Sudadera Cl\u00e1sica"},"content":{"rendered":"<h2>TABLA DE TALLAS<\/h2>\n<table width=\"514\">\n<tbody>\n<tr>\n<td width=\"114\">TALLAS ADULTOS:<\/td>\n<td width=\"80\">S<\/td>\n<td width=\"80\">M<\/td>\n<td width=\"80\">L<\/td>\n<td width=\"80\">XL<\/td>\n<td width=\"80\">2XL<\/td>\n<\/tr>\n<tr>\n<td>ANCHO (A)<\/td>\n<td>51cm<\/td>\n<td>54cm<\/td>\n<td>57cm<\/td>\n<td>60cm<\/td>\n<td>63cm<\/td>\n<\/tr>\n<tr>\n<td>LARGO (B)<\/td>\n<td>63cm<\/td>\n<td>66cm<\/td>\n<td>69cm<\/td>\n<td>72cm<\/td>\n<td>75cm<\/td>\n<\/tr>\n<\/tbody>\n<\/table>\n<p><img loading=\"lazy\" decoding=\"async\" class=\"alignnone wp-image-64997\" src=\"https:\/\/rubi5.com\/staging\/wp-content\/uploads\/2023\/01\/guia-tallas-sudaderas.png\" alt=\"Gu\u00eda tallas sudaderas\" width=\"239\" height=\"181\" title=\"\" srcset=\"https:\/\/rubi5.com\/staging\/wp-content\/uploads\/2023\/01\/guia-tallas-sudaderas.png 366w, https:\/\/rubi5.com\/staging\/wp-content\/uploads\/2023\/01\/guia-tallas-sudaderas-16x12.png 16w, https:\/\/rubi5.com\/staging\/wp-content\/uploads\/2023\/01\/guia-tallas-sudaderas-150x114.png 150w\" sizes=\"auto, (max-width: 239px) 100vw, 239px\" \/><\/p>\n","protected":false},"excerpt":{"rendered":"<p>Sudadera en dise\u00f1o cl\u00e1sico, con cuello, pu\u00f1os y cinturilla de punto canal\u00e9 1&#215;1 con elastano. Cubrecosturas reforzado en cuello.<\/p>\n","protected":false},"featured_media":55160,"template":"","meta":{"_acf_changed":false},"product_brand":[],"product_cat":[399,401,29],"product_tag":[],"class_list":{"0":"post-25238","1":"product","2":"type-product","3":"status-publish","4":"has-post-thumbnail","6":"product_cat-sudaderas-personalizadas","7":"product_cat-sudaderas-sin-capucha","8":"product_cat-textil","9":"pa_marcas-roly","11":"first","12":"instock","13":"taxable","14":"shipping-taxable","15":"product-type-external"},"acf":[],"_links":{"self":[{"href":"https:\/\/rubi5.com\/staging\/wp-json\/wp\/v2\/product\/25238","targetHints":{"allow":["GET"]}}],"collection":[{"href":"https:\/\/rubi5.com\/staging\/wp-json\/wp\/v2\/product"}],"about":[{"href":"https:\/\/rubi5.com\/staging\/wp-json\/wp\/v2\/types\/product"}],"version-history":[{"count":9,"href":"https:\/\/rubi5.com\/staging\/wp-json\/wp\/v2\/product\/25238\/revisions"}],"predecessor-version":[{"id":65004,"href":"https:\/\/rubi5.com\/staging\/wp-json\/wp\/v2\/product\/25238\/revisions\/65004"}],"wp:featuredmedia":[{"embeddable":true,"href":"https:\/\/rubi5.com\/staging\/wp-json\/wp\/v2\/media\/55160"}],"wp:attachment":[{"href":"https:\/\/rubi5.com\/staging\/wp-json\/wp\/v2\/media?parent=25238"}],"wp:term":[{"taxonomy":"product_brand","embeddable":true,"href":"https:\/\/rubi5.com\/staging\/wp-json\/wp\/v2\/product_brand?post=25238"},{"taxonomy":"product_cat","embeddable":true,"href":"https:\/\/rubi5.com\/staging\/wp-json\/wp\/v2\/product_cat?post=25238"},{"taxonomy":"product_tag","embeddable":true,"href":"https:\/\/rubi5.com\/staging\/wp-json\/wp\/v2\/product_tag?post=25238"}],"curies":[{"name":"wp","href":"https:\/\/api.w.org\/{rel}","templated":true}]}}