{"id":26222,"date":"2022-12-20T13:11:01","date_gmt":"2022-12-20T11:11:01","guid":{"rendered":"https:\/\/rubi5.com\/?post_type=product&#038;p=26222"},"modified":"2025-05-14T13:27:35","modified_gmt":"2025-05-14T11:27:35","slug":"camiseta-mujer-jamaica","status":"publish","type":"product","link":"https:\/\/rubi5.com\/staging\/camiseta-mujer-jamaica\/","title":{"rendered":"Camiseta mujer Jamaica"},"content":{"rendered":"<h2>TABLA DE TALLAS<\/h2>\n<table width=\"514\">\n<tbody>\n<tr>\n<td width=\"114\">TALLAS ADULTOS:<\/td>\n<td width=\"80\">S<\/td>\n<td width=\"80\">M<\/td>\n<td width=\"80\">L<\/td>\n<td width=\"80\">XL<\/td>\n<td width=\"80\">2XL<\/td>\n<\/tr>\n<tr>\n<td>ANCHO (A)<\/td>\n<td>41cm<\/td>\n<td>44cm<\/td>\n<td>47cm<\/td>\n<td>50cm<\/td>\n<td>54cm<\/td>\n<\/tr>\n<tr>\n<td>LARGO (B)<\/td>\n<td>62cm<\/td>\n<td>64cm<\/td>\n<td>66cm<\/td>\n<td>68cm<\/td>\n<td>69cm<\/td>\n<\/tr>\n<\/tbody>\n<\/table>\n<p><img loading=\"lazy\" decoding=\"async\" class=\"alignnone wp-image-64955\" src=\"https:\/\/rubi5.com\/staging\/wp-content\/uploads\/2023\/01\/guia-tallas-camisetas.png\" alt=\"Gu\u00eda tallas camisetas\" width=\"240\" height=\"198\" title=\"\" srcset=\"https:\/\/rubi5.com\/staging\/wp-content\/uploads\/2023\/01\/guia-tallas-camisetas.png 363w, https:\/\/rubi5.com\/staging\/wp-content\/uploads\/2023\/01\/guia-tallas-camisetas-15x12.png 15w, https:\/\/rubi5.com\/staging\/wp-content\/uploads\/2023\/01\/guia-tallas-camisetas-150x124.png 150w\" sizes=\"auto, (max-width: 240px) 100vw, 240px\" \/><\/p>\n","protected":false},"excerpt":{"rendered":"<p>Camiseta de mujer de manga corta entallada. Cuello redondo de dos capas en canal\u00e9 1&#215;1 con cubre costuras de hombro a hombro. Costuras laterales.<\/p>\n<p>Una camiseta perfecta para entregar a las mujeres de la pe\u00f1a. Si no os gustan las camisetas unisex, por el mismo precio tendr\u00e1s camisetas de mujer, con tallas m\u00e1s ajustadas al cuerpo, de una gran variedad de colores, para que elij\u00e1is el que m\u00e1s os guste para grabar el logo de vuestra pe\u00f1a estas fiestas.<\/p>\n","protected":false},"featured_media":53350,"template":"","meta":{"_acf_changed":false},"product_brand":[],"product_cat":[404,402,29],"product_tag":[],"class_list":{"0":"post-26222","1":"product","2":"type-product","3":"status-publish","4":"has-post-thumbnail","6":"product_cat-camisetas-de-algodon","7":"product_cat-camisetas-personalizadas","8":"product_cat-textil","9":"pa_marcas-roly","11":"first","12":"instock","13":"taxable","14":"shipping-taxable","15":"product-type-external"},"acf":[],"_links":{"self":[{"href":"https:\/\/rubi5.com\/staging\/wp-json\/wp\/v2\/product\/26222","targetHints":{"allow":["GET"]}}],"collection":[{"href":"https:\/\/rubi5.com\/staging\/wp-json\/wp\/v2\/product"}],"about":[{"href":"https:\/\/rubi5.com\/staging\/wp-json\/wp\/v2\/types\/product"}],"version-history":[{"count":11,"href":"https:\/\/rubi5.com\/staging\/wp-json\/wp\/v2\/product\/26222\/revisions"}],"predecessor-version":[{"id":64992,"href":"https:\/\/rubi5.com\/staging\/wp-json\/wp\/v2\/product\/26222\/revisions\/64992"}],"wp:featuredmedia":[{"embeddable":true,"href":"https:\/\/rubi5.com\/staging\/wp-json\/wp\/v2\/media\/53350"}],"wp:attachment":[{"href":"https:\/\/rubi5.com\/staging\/wp-json\/wp\/v2\/media?parent=26222"}],"wp:term":[{"taxonomy":"product_brand","embeddable":true,"href":"https:\/\/rubi5.com\/staging\/wp-json\/wp\/v2\/product_brand?post=26222"},{"taxonomy":"product_cat","embeddable":true,"href":"https:\/\/rubi5.com\/staging\/wp-json\/wp\/v2\/product_cat?post=26222"},{"taxonomy":"product_tag","embeddable":true,"href":"https:\/\/rubi5.com\/staging\/wp-json\/wp\/v2\/product_tag?post=26222"}],"curies":[{"name":"wp","href":"https:\/\/api.w.org\/{rel}","templated":true}]}}