{"id":26744,"date":"2022-12-20T13:34:40","date_gmt":"2022-12-20T11:34:40","guid":{"rendered":"https:\/\/rubi5.com\/?post_type=product&#038;p=26744"},"modified":"2025-04-08T13:58:37","modified_gmt":"2025-04-08T11:58:37","slug":"camiseta-manga-corta-stafford","status":"publish","type":"product","link":"https:\/\/rubi5.com\/staging\/camiseta-manga-corta-stafford\/","title":{"rendered":"Camiseta manga corta Stafford"},"content":{"rendered":"<p>Camiseta tubular de manga corta confeccionada con algod\u00f3n de alta calidad, que ofrece una textura suave para el uso diario. Cuenta con un cuello redondo con elastano, lo que garantiza un ajuste \u00f3ptimo, manteniendo la forma incluso despu\u00e9s de m\u00faltiples lavados. Dise\u00f1ada con un corte tubular para proporcionar mayor libertad de movimiento. El acabado sin costuras laterales contribuye a un look mas estilizado.<\/p>\n","protected":false},"excerpt":{"rendered":"<p>Camiseta tubular de manga corta. Cuello redondo con elastano. Costuras laterales en tallas de ni\u00f1o.<\/p>\n","protected":false},"featured_media":51852,"template":"","meta":{"_acf_changed":false},"product_brand":[],"product_cat":[404,402,29],"product_tag":[],"class_list":{"0":"post-26744","1":"product","2":"type-product","3":"status-publish","4":"has-post-thumbnail","6":"product_cat-camisetas-de-algodon","7":"product_cat-camisetas-personalizadas","8":"product_cat-textil","9":"pa_marcas-roly","11":"first","12":"instock","13":"taxable","14":"shipping-taxable","15":"product-type-external"},"acf":[],"_links":{"self":[{"href":"https:\/\/rubi5.com\/staging\/wp-json\/wp\/v2\/product\/26744","targetHints":{"allow":["GET"]}}],"collection":[{"href":"https:\/\/rubi5.com\/staging\/wp-json\/wp\/v2\/product"}],"about":[{"href":"https:\/\/rubi5.com\/staging\/wp-json\/wp\/v2\/types\/product"}],"version-history":[{"count":12,"href":"https:\/\/rubi5.com\/staging\/wp-json\/wp\/v2\/product\/26744\/revisions"}],"predecessor-version":[{"id":65881,"href":"https:\/\/rubi5.com\/staging\/wp-json\/wp\/v2\/product\/26744\/revisions\/65881"}],"wp:featuredmedia":[{"embeddable":true,"href":"https:\/\/rubi5.com\/staging\/wp-json\/wp\/v2\/media\/51852"}],"wp:attachment":[{"href":"https:\/\/rubi5.com\/staging\/wp-json\/wp\/v2\/media?parent=26744"}],"wp:term":[{"taxonomy":"product_brand","embeddable":true,"href":"https:\/\/rubi5.com\/staging\/wp-json\/wp\/v2\/product_brand?post=26744"},{"taxonomy":"product_cat","embeddable":true,"href":"https:\/\/rubi5.com\/staging\/wp-json\/wp\/v2\/product_cat?post=26744"},{"taxonomy":"product_tag","embeddable":true,"href":"https:\/\/rubi5.com\/staging\/wp-json\/wp\/v2\/product_tag?post=26744"}],"curies":[{"name":"wp","href":"https:\/\/api.w.org\/{rel}","templated":true}]}}