{"id":28865,"date":"2022-12-20T14:33:22","date_gmt":"2022-12-20T12:33:22","guid":{"rendered":"https:\/\/rubi5.com\/?post_type=product&#038;p=28865"},"modified":"2025-02-24T12:52:54","modified_gmt":"2025-02-24T10:52:54","slug":"camiseta-tecnica-bicolor-shanghai","status":"publish","type":"product","link":"https:\/\/rubi5.com\/staging\/camiseta-tecnica-bicolor-shanghai\/","title":{"rendered":"Camiseta t\u00e9cnica bicolor Shanghai"},"content":{"rendered":"<h2>TABLA DE TALLAS<\/h2>\n<table width=\"514\">\n<tbody>\n<tr>\n<td width=\"114\">TALLAS ADULTOS:<\/td>\n<td width=\"80\">S<\/td>\n<td width=\"80\">M<\/td>\n<td width=\"80\">L<\/td>\n<td width=\"80\">XL<\/td>\n<td width=\"80\">2XL<\/td>\n<\/tr>\n<tr>\n<td>ANCHO (A)<\/td>\n<td>48cm<\/td>\n<td>51cm<\/td>\n<td>54cm<\/td>\n<td>57cm<\/td>\n<td>60cm<\/td>\n<\/tr>\n<tr>\n<td>LARGO (B)<\/td>\n<td>71cm<\/td>\n<td>72cm<\/td>\n<td>73cm<\/td>\n<td>74cm<\/td>\n<td>75cm<\/td>\n<\/tr>\n<\/tbody>\n<\/table>\n<p><img loading=\"lazy\" decoding=\"async\" class=\"alignnone wp-image-64955\" src=\"https:\/\/rubi5.com\/staging\/wp-content\/uploads\/2023\/01\/guia-tallas-camisetas.png\" alt=\"Gu\u00eda tallas camisetas\" width=\"234\" height=\"193\" title=\"\" srcset=\"https:\/\/rubi5.com\/staging\/wp-content\/uploads\/2023\/01\/guia-tallas-camisetas.png 363w, https:\/\/rubi5.com\/staging\/wp-content\/uploads\/2023\/01\/guia-tallas-camisetas-15x12.png 15w, https:\/\/rubi5.com\/staging\/wp-content\/uploads\/2023\/01\/guia-tallas-camisetas-150x124.png 150w\" sizes=\"auto, (max-width: 234px) 100vw, 234px\" \/><\/p>\n","protected":false},"excerpt":{"rendered":"<p>Camiseta t\u00e9cnica combinada con dos tejidos de poli\u00e9ster, manga corta de estilo rangl\u00e1n. Tejido principal bird&#8217;s eye y paneles laterales e interior de la manga con tejido micro perforado. Cuello redondo con cubrecosturas de refuerzo en su interior. Camiseta de tejido confortable y f\u00e1cilmente adaptable al cuerpo.<\/p>\n","protected":false},"featured_media":53470,"template":"","meta":{"_acf_changed":false},"product_brand":[],"product_cat":[402,405,29],"product_tag":[],"class_list":{"0":"post-28865","1":"product","2":"type-product","3":"status-publish","4":"has-post-thumbnail","6":"product_cat-camisetas-personalizadas","7":"product_cat-camisetas-tecnicas","8":"product_cat-textil","10":"first","11":"instock","12":"taxable","13":"shipping-taxable","14":"product-type-external"},"acf":[],"_links":{"self":[{"href":"https:\/\/rubi5.com\/staging\/wp-json\/wp\/v2\/product\/28865","targetHints":{"allow":["GET"]}}],"collection":[{"href":"https:\/\/rubi5.com\/staging\/wp-json\/wp\/v2\/product"}],"about":[{"href":"https:\/\/rubi5.com\/staging\/wp-json\/wp\/v2\/types\/product"}],"version-history":[{"count":9,"href":"https:\/\/rubi5.com\/staging\/wp-json\/wp\/v2\/product\/28865\/revisions"}],"predecessor-version":[{"id":64973,"href":"https:\/\/rubi5.com\/staging\/wp-json\/wp\/v2\/product\/28865\/revisions\/64973"}],"wp:featuredmedia":[{"embeddable":true,"href":"https:\/\/rubi5.com\/staging\/wp-json\/wp\/v2\/media\/53470"}],"wp:attachment":[{"href":"https:\/\/rubi5.com\/staging\/wp-json\/wp\/v2\/media?parent=28865"}],"wp:term":[{"taxonomy":"product_brand","embeddable":true,"href":"https:\/\/rubi5.com\/staging\/wp-json\/wp\/v2\/product_brand?post=28865"},{"taxonomy":"product_cat","embeddable":true,"href":"https:\/\/rubi5.com\/staging\/wp-json\/wp\/v2\/product_cat?post=28865"},{"taxonomy":"product_tag","embeddable":true,"href":"https:\/\/rubi5.com\/staging\/wp-json\/wp\/v2\/product_tag?post=28865"}],"curies":[{"name":"wp","href":"https:\/\/api.w.org\/{rel}","templated":true}]}}