{"id":29139,"date":"2022-12-20T14:39:05","date_gmt":"2022-12-20T12:39:05","guid":{"rendered":"https:\/\/rubi5.com\/?post_type=product&#038;p=29139"},"modified":"2025-02-24T12:53:10","modified_gmt":"2025-02-24T10:53:10","slug":"camiseta-deportiva-fluor-akita","status":"publish","type":"product","link":"https:\/\/rubi5.com\/staging\/camiseta-deportiva-fluor-akita\/","title":{"rendered":"Camiseta deportiva fl\u00faor Akita"},"content":{"rendered":"<h2>TABLA DE TALLAS<\/h2>\n<table width=\"514\">\n<tbody>\n<tr>\n<td width=\"114\">TALLAS ADULTOS:<\/td>\n<td width=\"80\">S<\/td>\n<td width=\"80\">M<\/td>\n<td width=\"80\">L<\/td>\n<td width=\"80\">XL<\/td>\n<td width=\"80\">2XL<\/td>\n<\/tr>\n<tr>\n<td>ANCHO (A)<\/td>\n<td>48cm<\/td>\n<td>50cm<\/td>\n<td>54cm<\/td>\n<td>58cm<\/td>\n<td>62cm<\/td>\n<\/tr>\n<tr>\n<td>LARGO (B)<\/td>\n<td>69cm<\/td>\n<td>71cm<\/td>\n<td>73cm<\/td>\n<td>75cm<\/td>\n<td>77cm<\/td>\n<\/tr>\n<\/tbody>\n<\/table>\n<p><img loading=\"lazy\" decoding=\"async\" class=\"alignnone wp-image-64955\" src=\"https:\/\/rubi5.com\/staging\/wp-content\/uploads\/2023\/01\/guia-tallas-camisetas.png\" alt=\"Gu\u00eda tallas camisetas\" width=\"240\" height=\"198\" title=\"\" srcset=\"https:\/\/rubi5.com\/staging\/wp-content\/uploads\/2023\/01\/guia-tallas-camisetas.png 363w, https:\/\/rubi5.com\/staging\/wp-content\/uploads\/2023\/01\/guia-tallas-camisetas-15x12.png 15w, https:\/\/rubi5.com\/staging\/wp-content\/uploads\/2023\/01\/guia-tallas-camisetas-150x124.png 150w\" sizes=\"auto, (max-width: 240px) 100vw, 240px\" \/><\/p>\n","protected":false},"excerpt":{"rendered":"<p>Camiseta de manga corta en colores fl\u00faor. Cuello redondo y cubrecosturas de refuerzo en el interior. Fabricado en tejido poli\u00e9ster con tacto algod\u00f3n.<\/p>\n","protected":false},"featured_media":51385,"template":"","meta":{"_acf_changed":false},"product_brand":[],"product_cat":[402,405,29],"product_tag":[],"class_list":{"0":"post-29139","1":"product","2":"type-product","3":"status-publish","4":"has-post-thumbnail","6":"product_cat-camisetas-personalizadas","7":"product_cat-camisetas-tecnicas","8":"product_cat-textil","9":"pa_marcas-roly","11":"first","12":"instock","13":"taxable","14":"shipping-taxable","15":"product-type-external"},"acf":[],"_links":{"self":[{"href":"https:\/\/rubi5.com\/staging\/wp-json\/wp\/v2\/product\/29139","targetHints":{"allow":["GET"]}}],"collection":[{"href":"https:\/\/rubi5.com\/staging\/wp-json\/wp\/v2\/product"}],"about":[{"href":"https:\/\/rubi5.com\/staging\/wp-json\/wp\/v2\/types\/product"}],"version-history":[{"count":11,"href":"https:\/\/rubi5.com\/staging\/wp-json\/wp\/v2\/product\/29139\/revisions"}],"predecessor-version":[{"id":64966,"href":"https:\/\/rubi5.com\/staging\/wp-json\/wp\/v2\/product\/29139\/revisions\/64966"}],"wp:featuredmedia":[{"embeddable":true,"href":"https:\/\/rubi5.com\/staging\/wp-json\/wp\/v2\/media\/51385"}],"wp:attachment":[{"href":"https:\/\/rubi5.com\/staging\/wp-json\/wp\/v2\/media?parent=29139"}],"wp:term":[{"taxonomy":"product_brand","embeddable":true,"href":"https:\/\/rubi5.com\/staging\/wp-json\/wp\/v2\/product_brand?post=29139"},{"taxonomy":"product_cat","embeddable":true,"href":"https:\/\/rubi5.com\/staging\/wp-json\/wp\/v2\/product_cat?post=29139"},{"taxonomy":"product_tag","embeddable":true,"href":"https:\/\/rubi5.com\/staging\/wp-json\/wp\/v2\/product_tag?post=29139"}],"curies":[{"name":"wp","href":"https:\/\/api.w.org\/{rel}","templated":true}]}}