{"id":30930,"date":"2022-12-21T11:51:17","date_gmt":"2022-12-21T09:51:17","guid":{"rendered":"https:\/\/rubi5.com\/?post_type=product&#038;p=30930"},"modified":"2025-02-24T12:09:08","modified_gmt":"2025-02-24T10:09:08","slug":"chaqueta-softshell-antartida-woman","status":"publish","type":"product","link":"https:\/\/rubi5.com\/staging\/chaqueta-softshell-antartida-woman\/","title":{"rendered":"Chaqueta softshell Antartida Woman"},"content":{"rendered":"<h2>TABLA DE TALLAS<\/h2>\n<table width=\"548\">\n<tbody>\n<tr>\n<td width=\"132\">TALLAS ADULTOS:<\/td>\n<td width=\"84\">S<\/td>\n<td width=\"84\">M<\/td>\n<td width=\"84\">L<\/td>\n<td width=\"84\">XL<\/td>\n<td width=\"80\">2XL<\/td>\n<\/tr>\n<tr>\n<td>ANCHO (A)<\/td>\n<td>48cm<\/td>\n<td>50cm<\/td>\n<td>53cm<\/td>\n<td>55cm<\/td>\n<td>58cm<\/td>\n<\/tr>\n<tr>\n<td>LARGO (B)<\/td>\n<td>64cm<\/td>\n<td>66cm<\/td>\n<td>68cm<\/td>\n<td>69cm<\/td>\n<td>70cm<\/td>\n<\/tr>\n<\/tbody>\n<\/table>\n<p><img loading=\"lazy\" decoding=\"async\" class=\"alignnone size-full wp-image-64926\" src=\"https:\/\/rubi5.com\/staging\/wp-content\/uploads\/2022\/12\/Tabla-de-tallas-softshell.png\" alt=\"Tabla de tallas softshell\" width=\"301\" height=\"253\" title=\"\" srcset=\"https:\/\/rubi5.com\/staging\/wp-content\/uploads\/2022\/12\/Tabla-de-tallas-softshell.png 301w, https:\/\/rubi5.com\/staging\/wp-content\/uploads\/2022\/12\/Tabla-de-tallas-softshell-14x12.png 14w, https:\/\/rubi5.com\/staging\/wp-content\/uploads\/2022\/12\/Tabla-de-tallas-softshell-150x126.png 150w\" sizes=\"auto, (max-width: 301px) 100vw, 301px\" \/><\/p>\n","protected":false},"excerpt":{"rendered":"<p>Softshell compuesto por 2 capas con cremallera invertida efecto sellado, con protector de barbilla combinada y tirador. Cuenta con tres bolsillos exteriores con cremallera combinada con tirador. Ajustadores en pu\u00f1os con velcro. Bajo con cord\u00f3n el\u00e1stico y topes.<\/p>\n","protected":false},"featured_media":55903,"template":"","meta":{"_acf_changed":false},"product_brand":[],"product_cat":[410,411,29],"product_tag":[],"class_list":{"0":"post-30930","1":"product","2":"type-product","3":"status-publish","4":"has-post-thumbnail","6":"product_cat-chaquetas-personalizadas","7":"product_cat-chaquetas-softshell","8":"product_cat-textil","9":"pa_marcas-roly","11":"first","12":"instock","13":"taxable","14":"shipping-taxable","15":"product-type-external"},"acf":[],"_links":{"self":[{"href":"https:\/\/rubi5.com\/staging\/wp-json\/wp\/v2\/product\/30930","targetHints":{"allow":["GET"]}}],"collection":[{"href":"https:\/\/rubi5.com\/staging\/wp-json\/wp\/v2\/product"}],"about":[{"href":"https:\/\/rubi5.com\/staging\/wp-json\/wp\/v2\/types\/product"}],"version-history":[{"count":9,"href":"https:\/\/rubi5.com\/staging\/wp-json\/wp\/v2\/product\/30930\/revisions"}],"predecessor-version":[{"id":64935,"href":"https:\/\/rubi5.com\/staging\/wp-json\/wp\/v2\/product\/30930\/revisions\/64935"}],"wp:featuredmedia":[{"embeddable":true,"href":"https:\/\/rubi5.com\/staging\/wp-json\/wp\/v2\/media\/55903"}],"wp:attachment":[{"href":"https:\/\/rubi5.com\/staging\/wp-json\/wp\/v2\/media?parent=30930"}],"wp:term":[{"taxonomy":"product_brand","embeddable":true,"href":"https:\/\/rubi5.com\/staging\/wp-json\/wp\/v2\/product_brand?post=30930"},{"taxonomy":"product_cat","embeddable":true,"href":"https:\/\/rubi5.com\/staging\/wp-json\/wp\/v2\/product_cat?post=30930"},{"taxonomy":"product_tag","embeddable":true,"href":"https:\/\/rubi5.com\/staging\/wp-json\/wp\/v2\/product_tag?post=30930"}],"curies":[{"name":"wp","href":"https:\/\/api.w.org\/{rel}","templated":true}]}}