{"id":30964,"date":"2022-12-21T11:51:57","date_gmt":"2022-12-21T09:51:57","guid":{"rendered":"https:\/\/rubi5.com\/?post_type=product&#038;p=30964"},"modified":"2025-02-24T12:09:12","modified_gmt":"2025-02-24T10:09:12","slug":"chaqueta-softshell-nebraska","status":"publish","type":"product","link":"https:\/\/rubi5.com\/staging\/chaqueta-softshell-nebraska\/","title":{"rendered":"Chaqueta softshell Nebraska"},"content":{"rendered":"<h2>TABLA DE TALLAS<\/h2>\n<table width=\"548\">\n<tbody>\n<tr>\n<td width=\"132\">TALLAS ADULTOS:<\/td>\n<td width=\"84\">S<\/td>\n<td width=\"84\">M<\/td>\n<td width=\"84\">L<\/td>\n<td width=\"84\">XL<\/td>\n<td width=\"80\">2XL<\/td>\n<\/tr>\n<tr>\n<td>ANCHO (A)<\/td>\n<td>53cm<\/td>\n<td>55cm<\/td>\n<td>58cm<\/td>\n<td>62cm<\/td>\n<td>65cm<\/td>\n<\/tr>\n<tr>\n<td>LARGO (B)<\/td>\n<td>74cm<\/td>\n<td>75cm<\/td>\n<td>76cm<\/td>\n<td>77cm<\/td>\n<td>78cm<\/td>\n<\/tr>\n<\/tbody>\n<\/table>\n<p><img loading=\"lazy\" decoding=\"async\" class=\"alignnone size-full wp-image-64926\" src=\"https:\/\/rubi5.com\/staging\/wp-content\/uploads\/2022\/12\/Tabla-de-tallas-softshell.png\" alt=\"Tabla de tallas softshell\" width=\"301\" height=\"253\" title=\"\" srcset=\"https:\/\/rubi5.com\/staging\/wp-content\/uploads\/2022\/12\/Tabla-de-tallas-softshell.png 301w, https:\/\/rubi5.com\/staging\/wp-content\/uploads\/2022\/12\/Tabla-de-tallas-softshell-14x12.png 14w, https:\/\/rubi5.com\/staging\/wp-content\/uploads\/2022\/12\/Tabla-de-tallas-softshell-150x126.png 150w\" sizes=\"auto, (max-width: 301px) 100vw, 301px\" \/><\/p>\n","protected":false},"excerpt":{"rendered":"<p>Softshell compuesto de 2 capas. Esta prenda cuenta con cremallera invertida a tono, con protector de barbilla y tirador. Forro interior en tejido polar. Bolsillo exterior en pecho derecho con cremallera a tono y tirador, y dos bolsillos exteriores con cremallera a tono y tirador. Ajustadores en pu\u00f1o con velcro. Bajo con cord\u00f3n el\u00e1stico y topes. Corte entallado en modelo mujer.<\/p>\n","protected":false},"featured_media":55895,"template":"","meta":{"_acf_changed":false},"product_brand":[],"product_cat":[410,411,29],"product_tag":[],"class_list":{"0":"post-30964","1":"product","2":"type-product","3":"status-publish","4":"has-post-thumbnail","6":"product_cat-chaquetas-personalizadas","7":"product_cat-chaquetas-softshell","8":"product_cat-textil","9":"pa_marcas-roly","11":"first","12":"instock","13":"taxable","14":"shipping-taxable","15":"product-type-external"},"acf":[],"_links":{"self":[{"href":"https:\/\/rubi5.com\/staging\/wp-json\/wp\/v2\/product\/30964","targetHints":{"allow":["GET"]}}],"collection":[{"href":"https:\/\/rubi5.com\/staging\/wp-json\/wp\/v2\/product"}],"about":[{"href":"https:\/\/rubi5.com\/staging\/wp-json\/wp\/v2\/types\/product"}],"version-history":[{"count":11,"href":"https:\/\/rubi5.com\/staging\/wp-json\/wp\/v2\/product\/30964\/revisions"}],"predecessor-version":[{"id":64933,"href":"https:\/\/rubi5.com\/staging\/wp-json\/wp\/v2\/product\/30964\/revisions\/64933"}],"wp:featuredmedia":[{"embeddable":true,"href":"https:\/\/rubi5.com\/staging\/wp-json\/wp\/v2\/media\/55895"}],"wp:attachment":[{"href":"https:\/\/rubi5.com\/staging\/wp-json\/wp\/v2\/media?parent=30964"}],"wp:term":[{"taxonomy":"product_brand","embeddable":true,"href":"https:\/\/rubi5.com\/staging\/wp-json\/wp\/v2\/product_brand?post=30964"},{"taxonomy":"product_cat","embeddable":true,"href":"https:\/\/rubi5.com\/staging\/wp-json\/wp\/v2\/product_cat?post=30964"},{"taxonomy":"product_tag","embeddable":true,"href":"https:\/\/rubi5.com\/staging\/wp-json\/wp\/v2\/product_tag?post=30964"}],"curies":[{"name":"wp","href":"https:\/\/api.w.org\/{rel}","templated":true}]}}