{"id":31128,"date":"2022-12-21T11:55:20","date_gmt":"2022-12-21T09:55:20","guid":{"rendered":"https:\/\/rubi5.com\/?post_type=product&#038;p=31128"},"modified":"2025-06-12T11:20:54","modified_gmt":"2025-06-12T09:20:54","slug":"chaqueta-polar-himalaya","status":"publish","type":"product","link":"https:\/\/rubi5.com\/staging\/chaqueta-polar-himalaya\/","title":{"rendered":"Chaqueta polar Himalaya"},"content":{"rendered":"<h2>TABLA DE TALLAS<\/h2>\n<table width=\"548\">\n<tbody>\n<tr>\n<td width=\"132\">TALLAS ADULTOS:<\/td>\n<td width=\"84\">S<\/td>\n<td width=\"84\">M<\/td>\n<td width=\"84\">L<\/td>\n<td width=\"84\">XL<\/td>\n<td width=\"80\">2XL<\/td>\n<\/tr>\n<tr>\n<td>ANCHO (A)<\/td>\n<td>50cm<\/td>\n<td>54cm<\/td>\n<td>58cm<\/td>\n<td>62cm<\/td>\n<td>66cm<\/td>\n<\/tr>\n<tr>\n<td>LARGO (B)<\/td>\n<td>71cm<\/td>\n<td>72cm<\/td>\n<td>73cm<\/td>\n<td>74cm<\/td>\n<td>75cm<\/td>\n<\/tr>\n<\/tbody>\n<\/table>\n<p><img loading=\"lazy\" decoding=\"async\" class=\"alignnone wp-image-64915\" src=\"https:\/\/rubi5.com\/staging\/wp-content\/uploads\/2022\/12\/tabla-de-tallas-polares-285x300.png\" alt=\"tabla de tallas polares\" width=\"188\" height=\"198\" title=\"\" srcset=\"https:\/\/rubi5.com\/staging\/wp-content\/uploads\/2022\/12\/tabla-de-tallas-polares-285x300.png 285w, https:\/\/rubi5.com\/staging\/wp-content\/uploads\/2022\/12\/tabla-de-tallas-polares-11x12.png 11w, https:\/\/rubi5.com\/staging\/wp-content\/uploads\/2022\/12\/tabla-de-tallas-polares-150x158.png 150w, https:\/\/rubi5.com\/staging\/wp-content\/uploads\/2022\/12\/tabla-de-tallas-polares.png 314w\" sizes=\"auto, (max-width: 188px) 100vw, 188px\" \/><\/p>\n","protected":false},"excerpt":{"rendered":"<p>Chaqueta polar con media cremallera en el cuello y protector de barbilla. Pu\u00f1os con ribete el\u00e1stico a tono.<\/p>\n<p>Los polares personalizados son una gran opci\u00f3n para repartir entre los empleados de una f\u00e1brica o incluso de unas oficinas. El invierno se pasa mejor en el trabajo con una ropa abrigada y c\u00f3moda como lo es este forro polar.<\/p>\n","protected":false},"featured_media":55871,"template":"","meta":{"_acf_changed":false},"product_brand":[],"product_cat":[413,410,29],"product_tag":[],"class_list":{"0":"post-31128","1":"product","2":"type-product","3":"status-publish","4":"has-post-thumbnail","6":"product_cat-chaquetas-polares","7":"product_cat-chaquetas-personalizadas","8":"product_cat-textil","9":"pa_marcas-roly","11":"first","12":"instock","13":"taxable","14":"shipping-taxable","15":"product-type-external"},"acf":[],"_links":{"self":[{"href":"https:\/\/rubi5.com\/staging\/wp-json\/wp\/v2\/product\/31128","targetHints":{"allow":["GET"]}}],"collection":[{"href":"https:\/\/rubi5.com\/staging\/wp-json\/wp\/v2\/product"}],"about":[{"href":"https:\/\/rubi5.com\/staging\/wp-json\/wp\/v2\/types\/product"}],"version-history":[{"count":11,"href":"https:\/\/rubi5.com\/staging\/wp-json\/wp\/v2\/product\/31128\/revisions"}],"predecessor-version":[{"id":64918,"href":"https:\/\/rubi5.com\/staging\/wp-json\/wp\/v2\/product\/31128\/revisions\/64918"}],"wp:featuredmedia":[{"embeddable":true,"href":"https:\/\/rubi5.com\/staging\/wp-json\/wp\/v2\/media\/55871"}],"wp:attachment":[{"href":"https:\/\/rubi5.com\/staging\/wp-json\/wp\/v2\/media?parent=31128"}],"wp:term":[{"taxonomy":"product_brand","embeddable":true,"href":"https:\/\/rubi5.com\/staging\/wp-json\/wp\/v2\/product_brand?post=31128"},{"taxonomy":"product_cat","embeddable":true,"href":"https:\/\/rubi5.com\/staging\/wp-json\/wp\/v2\/product_cat?post=31128"},{"taxonomy":"product_tag","embeddable":true,"href":"https:\/\/rubi5.com\/staging\/wp-json\/wp\/v2\/product_tag?post=31128"}],"curies":[{"name":"wp","href":"https:\/\/api.w.org\/{rel}","templated":true}]}}