{"id":31178,"date":"2022-12-21T12:02:28","date_gmt":"2022-12-21T10:02:28","guid":{"rendered":"https:\/\/rubi5.com\/?post_type=product&#038;p=31178"},"modified":"2025-02-24T12:09:25","modified_gmt":"2025-02-24T10:09:25","slug":"chaqueta-polar-himalaya-woman","status":"publish","type":"product","link":"https:\/\/rubi5.com\/staging\/chaqueta-polar-himalaya-woman\/","title":{"rendered":"Chaqueta polar Himalaya Woman"},"content":{"rendered":"<h2>TABLA DE TALLAS<\/h2>\n<table width=\"548\">\n<tbody>\n<tr>\n<td width=\"132\">TALLAS ADULTOS:<\/td>\n<td width=\"84\">S<\/td>\n<td width=\"84\">M<\/td>\n<td width=\"84\">L<\/td>\n<td width=\"84\">XL<\/td>\n<td width=\"80\">2XL<\/td>\n<\/tr>\n<tr>\n<td>ANCHO (A)<\/td>\n<td>47cm<\/td>\n<td>50cm<\/td>\n<td>53cm<\/td>\n<td>56cm<\/td>\n<td>59cm<\/td>\n<\/tr>\n<tr>\n<td>LARGO (B)<\/td>\n<td>63cm<\/td>\n<td>65cm<\/td>\n<td>67cm<\/td>\n<td>69cm<\/td>\n<td>71cm<\/td>\n<\/tr>\n<\/tbody>\n<\/table>\n<p><img loading=\"lazy\" decoding=\"async\" class=\"alignnone wp-image-64915\" src=\"https:\/\/rubi5.com\/staging\/wp-content\/uploads\/2022\/12\/tabla-de-tallas-polares-285x300.png\" alt=\"tabla de tallas polares\" width=\"205\" height=\"216\" title=\"\" srcset=\"https:\/\/rubi5.com\/staging\/wp-content\/uploads\/2022\/12\/tabla-de-tallas-polares-285x300.png 285w, https:\/\/rubi5.com\/staging\/wp-content\/uploads\/2022\/12\/tabla-de-tallas-polares-11x12.png 11w, https:\/\/rubi5.com\/staging\/wp-content\/uploads\/2022\/12\/tabla-de-tallas-polares-150x158.png 150w, https:\/\/rubi5.com\/staging\/wp-content\/uploads\/2022\/12\/tabla-de-tallas-polares.png 314w\" sizes=\"auto, (max-width: 205px) 100vw, 205px\" \/><\/p>\n","protected":false},"excerpt":{"rendered":"<p>Micropolar de mujer con media cremallera en cuello y protector de barbilla. Pu\u00f1os con ribete el\u00e1stico a tono. Corte entallado.<\/p>\n<p>\u00bfNecesitas ropa laboral para tus trabajadores de oficina y de f\u00e1brica? Elige un forro polar para personalizar con el logo de la empresa. La ventaja de estos polares es que tendr\u00e1s de tallas unisex como este modelo de mujer, m\u00e1s entallado y c\u00f3modo.<\/p>\n","protected":false},"featured_media":55877,"template":"","meta":{"_acf_changed":false},"product_brand":[],"product_cat":[410,413,29],"product_tag":[],"class_list":{"0":"post-31178","1":"product","2":"type-product","3":"status-publish","4":"has-post-thumbnail","6":"product_cat-chaquetas-personalizadas","7":"product_cat-chaquetas-polares","8":"product_cat-textil","9":"pa_marcas-roly","11":"first","12":"instock","13":"taxable","14":"shipping-taxable","15":"product-type-external"},"acf":[],"_links":{"self":[{"href":"https:\/\/rubi5.com\/staging\/wp-json\/wp\/v2\/product\/31178","targetHints":{"allow":["GET"]}}],"collection":[{"href":"https:\/\/rubi5.com\/staging\/wp-json\/wp\/v2\/product"}],"about":[{"href":"https:\/\/rubi5.com\/staging\/wp-json\/wp\/v2\/types\/product"}],"version-history":[{"count":12,"href":"https:\/\/rubi5.com\/staging\/wp-json\/wp\/v2\/product\/31178\/revisions"}],"predecessor-version":[{"id":64916,"href":"https:\/\/rubi5.com\/staging\/wp-json\/wp\/v2\/product\/31178\/revisions\/64916"}],"wp:featuredmedia":[{"embeddable":true,"href":"https:\/\/rubi5.com\/staging\/wp-json\/wp\/v2\/media\/55877"}],"wp:attachment":[{"href":"https:\/\/rubi5.com\/staging\/wp-json\/wp\/v2\/media?parent=31178"}],"wp:term":[{"taxonomy":"product_brand","embeddable":true,"href":"https:\/\/rubi5.com\/staging\/wp-json\/wp\/v2\/product_brand?post=31178"},{"taxonomy":"product_cat","embeddable":true,"href":"https:\/\/rubi5.com\/staging\/wp-json\/wp\/v2\/product_cat?post=31178"},{"taxonomy":"product_tag","embeddable":true,"href":"https:\/\/rubi5.com\/staging\/wp-json\/wp\/v2\/product_tag?post=31178"}],"curies":[{"name":"wp","href":"https:\/\/api.w.org\/{rel}","templated":true}]}}