{"id":33401,"date":"2023-01-05T14:19:21","date_gmt":"2023-01-05T12:19:21","guid":{"rendered":"https:\/\/rubi5.com\/?post_type=product&#038;p=33401"},"modified":"2024-10-09T08:23:10","modified_gmt":"2024-10-09T06:23:10","slug":"mochila-spook-sublimacion","status":"publish","type":"product","link":"https:\/\/rubi5.com\/staging\/mochila-spook-sublimacion\/","title":{"rendered":"Mochila Spook Sublimaci\u00f3n"},"content":{"rendered":"","protected":false},"excerpt":{"rendered":"<p>Mochila de cuerdas de suave poli\u00e9ster 210T en color blanco especial para sublimaci\u00f3n. Con cuerdas autocierre en color negro, esquinas reforzadas en polipiel a juego con el color de la mochila y resistentes argollas met\u00e1licas.<\/p>\n<p>Esta mochila personalizable es ideal para tu empresa si tu logo tiene m\u00e1s de 2 colores, o quieres hacer una imagen concreta para una campa\u00f1a publicitaria.<\/p>\n","protected":false},"featured_media":14496,"template":"","meta":{"_acf_changed":false},"product_brand":[],"product_cat":[21,222,220],"product_tag":[],"class_list":{"0":"post-33401","1":"product","2":"type-product","3":"status-publish","4":"has-post-thumbnail","6":"product_cat-bolsas-y-mochilas","7":"product_cat-mochilas-para-sublimar","8":"product_cat-mochilas-personalizadas","10":"first","11":"instock","12":"taxable","13":"shipping-taxable","14":"purchasable","15":"product-type-variable"},"acf":[],"_links":{"self":[{"href":"https:\/\/rubi5.com\/staging\/wp-json\/wp\/v2\/product\/33401","targetHints":{"allow":["GET"]}}],"collection":[{"href":"https:\/\/rubi5.com\/staging\/wp-json\/wp\/v2\/product"}],"about":[{"href":"https:\/\/rubi5.com\/staging\/wp-json\/wp\/v2\/types\/product"}],"version-history":[{"count":4,"href":"https:\/\/rubi5.com\/staging\/wp-json\/wp\/v2\/product\/33401\/revisions"}],"predecessor-version":[{"id":56368,"href":"https:\/\/rubi5.com\/staging\/wp-json\/wp\/v2\/product\/33401\/revisions\/56368"}],"wp:featuredmedia":[{"embeddable":true,"href":"https:\/\/rubi5.com\/staging\/wp-json\/wp\/v2\/media\/14496"}],"wp:attachment":[{"href":"https:\/\/rubi5.com\/staging\/wp-json\/wp\/v2\/media?parent=33401"}],"wp:term":[{"taxonomy":"product_brand","embeddable":true,"href":"https:\/\/rubi5.com\/staging\/wp-json\/wp\/v2\/product_brand?post=33401"},{"taxonomy":"product_cat","embeddable":true,"href":"https:\/\/rubi5.com\/staging\/wp-json\/wp\/v2\/product_cat?post=33401"},{"taxonomy":"product_tag","embeddable":true,"href":"https:\/\/rubi5.com\/staging\/wp-json\/wp\/v2\/product_tag?post=33401"}],"curies":[{"name":"wp","href":"https:\/\/api.w.org\/{rel}","templated":true}]}}