{"id":33441,"date":"2023-01-09T08:37:14","date_gmt":"2023-01-09T06:37:14","guid":{"rendered":"https:\/\/rubi5.com\/?post_type=product&#038;p=33441"},"modified":"2024-11-14T13:04:37","modified_gmt":"2024-11-14T11:04:37","slug":"bolsa-algodon-asa-color","status":"publish","type":"product","link":"https:\/\/rubi5.com\/staging\/bolsa-algodon-asa-color\/","title":{"rendered":"Bolsa algod\u00f3n asa color"},"content":{"rendered":"","protected":false},"excerpt":{"rendered":"<p>Bolsa 100% algod\u00f3n de asas largas, en diversos colores. C\u00f3moda para llevarla del hombro.<\/p>\n<p>La bolsa publicitaria de algod\u00f3n, es ideal para cualquier empresa o evento. Gracias a su fondo de color natural, podr\u00e1s grabar el logo de tu empresa en tu color corporativo, y quedar\u00e1 perfecto, combinado con las asas en color.<\/p>\n<p><strong>Medidas: 37 x 41 cm\u00a0<\/strong><\/p>\n","protected":false},"featured_media":57978,"template":"","meta":{"_acf_changed":false},"product_brand":[],"product_cat":[219,196,21],"product_tag":[],"class_list":{"0":"post-33441","1":"product","2":"type-product","3":"status-publish","4":"has-post-thumbnail","6":"product_cat-bolsas-de-tela","7":"product_cat-bolsas-personalizadas","8":"product_cat-bolsas-y-mochilas","10":"first","11":"instock","12":"taxable","13":"shipping-taxable","14":"purchasable","15":"product-type-variable"},"acf":[],"_links":{"self":[{"href":"https:\/\/rubi5.com\/staging\/wp-json\/wp\/v2\/product\/33441","targetHints":{"allow":["GET"]}}],"collection":[{"href":"https:\/\/rubi5.com\/staging\/wp-json\/wp\/v2\/product"}],"about":[{"href":"https:\/\/rubi5.com\/staging\/wp-json\/wp\/v2\/types\/product"}],"version-history":[{"count":6,"href":"https:\/\/rubi5.com\/staging\/wp-json\/wp\/v2\/product\/33441\/revisions"}],"predecessor-version":[{"id":60351,"href":"https:\/\/rubi5.com\/staging\/wp-json\/wp\/v2\/product\/33441\/revisions\/60351"}],"wp:featuredmedia":[{"embeddable":true,"href":"https:\/\/rubi5.com\/staging\/wp-json\/wp\/v2\/media\/57978"}],"wp:attachment":[{"href":"https:\/\/rubi5.com\/staging\/wp-json\/wp\/v2\/media?parent=33441"}],"wp:term":[{"taxonomy":"product_brand","embeddable":true,"href":"https:\/\/rubi5.com\/staging\/wp-json\/wp\/v2\/product_brand?post=33441"},{"taxonomy":"product_cat","embeddable":true,"href":"https:\/\/rubi5.com\/staging\/wp-json\/wp\/v2\/product_cat?post=33441"},{"taxonomy":"product_tag","embeddable":true,"href":"https:\/\/rubi5.com\/staging\/wp-json\/wp\/v2\/product_tag?post=33441"}],"curies":[{"name":"wp","href":"https:\/\/api.w.org\/{rel}","templated":true}]}}