{"id":33460,"date":"2023-01-09T08:42:21","date_gmt":"2023-01-09T06:42:21","guid":{"rendered":"https:\/\/rubi5.com\/?post_type=product&#038;p=33460"},"modified":"2025-02-13T09:28:25","modified_gmt":"2025-02-13T07:28:25","slug":"bolsa-plegable-con-goma","status":"publish","type":"product","link":"https:\/\/rubi5.com\/staging\/bolsa-plegable-con-goma\/","title":{"rendered":"Bolsa plegable con goma"},"content":{"rendered":"","protected":false},"excerpt":{"rendered":"<p>Bolsa plegable de la compra para hacer m\u00e1s c\u00f3modo el momento de ir al supermercado a comprar. Se pliegan f\u00e1cilmente, convirti\u00e9ndose en peque\u00f1as formas, ocupando as\u00ed, el menor espacio posible y poder llevarlas c\u00f3modamente.<\/p>\n<p>Una bolsa personalizada que podr\u00e1s plegar y cerrar con una goma, para guardarla c\u00f3modamente sin que se te abra en el bolso.<\/p>\n<p>Estas bolsas plegables son amplias, para que guardes toda la compra. Tienen una capacidad mayor que las bolsas de pl\u00e1stico, adem\u00e1s son ligeras de llevar, y resisten el peso. No se romper\u00e1 por llevar botellas o contenido que pese m\u00e1s, y que podr\u00eda romper una bolsa de papel.<\/p>\n<p><strong>Medidas: 38 x 41 cm\u00a0<\/strong><\/p>\n","protected":false},"featured_media":57997,"template":"","meta":{"_acf_changed":false},"product_brand":[],"product_cat":[196,217,21],"product_tag":[],"class_list":{"0":"post-33460","1":"product","2":"type-product","3":"status-publish","4":"has-post-thumbnail","6":"product_cat-bolsas-personalizadas","7":"product_cat-bolsas-plegables","8":"product_cat-bolsas-y-mochilas","10":"first","11":"instock","12":"taxable","13":"shipping-taxable","14":"purchasable","15":"product-type-variable"},"acf":[],"_links":{"self":[{"href":"https:\/\/rubi5.com\/staging\/wp-json\/wp\/v2\/product\/33460","targetHints":{"allow":["GET"]}}],"collection":[{"href":"https:\/\/rubi5.com\/staging\/wp-json\/wp\/v2\/product"}],"about":[{"href":"https:\/\/rubi5.com\/staging\/wp-json\/wp\/v2\/types\/product"}],"version-history":[{"count":5,"href":"https:\/\/rubi5.com\/staging\/wp-json\/wp\/v2\/product\/33460\/revisions"}],"predecessor-version":[{"id":61538,"href":"https:\/\/rubi5.com\/staging\/wp-json\/wp\/v2\/product\/33460\/revisions\/61538"}],"wp:featuredmedia":[{"embeddable":true,"href":"https:\/\/rubi5.com\/staging\/wp-json\/wp\/v2\/media\/57997"}],"wp:attachment":[{"href":"https:\/\/rubi5.com\/staging\/wp-json\/wp\/v2\/media?parent=33460"}],"wp:term":[{"taxonomy":"product_brand","embeddable":true,"href":"https:\/\/rubi5.com\/staging\/wp-json\/wp\/v2\/product_brand?post=33460"},{"taxonomy":"product_cat","embeddable":true,"href":"https:\/\/rubi5.com\/staging\/wp-json\/wp\/v2\/product_cat?post=33460"},{"taxonomy":"product_tag","embeddable":true,"href":"https:\/\/rubi5.com\/staging\/wp-json\/wp\/v2\/product_tag?post=33460"}],"curies":[{"name":"wp","href":"https:\/\/api.w.org\/{rel}","templated":true}]}}