{"id":33504,"date":"2023-01-09T08:42:46","date_gmt":"2023-01-09T06:42:46","guid":{"rendered":"https:\/\/rubi5.com\/?post_type=product&#038;p=33504"},"modified":"2024-11-27T13:48:57","modified_gmt":"2024-11-27T11:48:57","slug":"bolsa-non-woven-yucatan-pequena","status":"publish","type":"product","link":"https:\/\/rubi5.com\/staging\/bolsa-non-woven-yucatan-pequena\/","title":{"rendered":"Bolsa non-woven Yucatan peque\u00f1a"},"content":{"rendered":"","protected":false},"excerpt":{"rendered":"<p>Esta bolsa non-woven est\u00e1 dise\u00f1ada para ser resistente y duradera, adem\u00e1s de ser una opci\u00f3n sostenible y reutilizable. Ideal para entregar en tu establecimiento con la compra de tus clientes dentro. \u00bfTienes una zapater\u00eda? Esta bolsa es perfecta para ti, ya que gracias a su amplio fondo y su forma rectangular, es perfecta para guardar una caja de zapatos.<\/p>\n<p><strong>Medidas: 34 x 29.5 x 12 cm\u00a0<\/strong><\/p>\n","protected":false},"featured_media":62840,"template":"","meta":{"_acf_changed":false},"product_brand":[],"product_cat":[961,196,21],"product_tag":[],"class_list":{"0":"post-33504","1":"product","2":"type-product","3":"status-publish","4":"has-post-thumbnail","6":"product_cat-bolsas-non-woven","7":"product_cat-bolsas-personalizadas","8":"product_cat-bolsas-y-mochilas","10":"first","11":"instock","12":"taxable","13":"shipping-taxable","14":"purchasable","15":"product-type-variable"},"acf":[],"_links":{"self":[{"href":"https:\/\/rubi5.com\/staging\/wp-json\/wp\/v2\/product\/33504","targetHints":{"allow":["GET"]}}],"collection":[{"href":"https:\/\/rubi5.com\/staging\/wp-json\/wp\/v2\/product"}],"about":[{"href":"https:\/\/rubi5.com\/staging\/wp-json\/wp\/v2\/types\/product"}],"version-history":[{"count":6,"href":"https:\/\/rubi5.com\/staging\/wp-json\/wp\/v2\/product\/33504\/revisions"}],"predecessor-version":[{"id":60349,"href":"https:\/\/rubi5.com\/staging\/wp-json\/wp\/v2\/product\/33504\/revisions\/60349"}],"wp:featuredmedia":[{"embeddable":true,"href":"https:\/\/rubi5.com\/staging\/wp-json\/wp\/v2\/media\/62840"}],"wp:attachment":[{"href":"https:\/\/rubi5.com\/staging\/wp-json\/wp\/v2\/media?parent=33504"}],"wp:term":[{"taxonomy":"product_brand","embeddable":true,"href":"https:\/\/rubi5.com\/staging\/wp-json\/wp\/v2\/product_brand?post=33504"},{"taxonomy":"product_cat","embeddable":true,"href":"https:\/\/rubi5.com\/staging\/wp-json\/wp\/v2\/product_cat?post=33504"},{"taxonomy":"product_tag","embeddable":true,"href":"https:\/\/rubi5.com\/staging\/wp-json\/wp\/v2\/product_tag?post=33504"}],"curies":[{"name":"wp","href":"https:\/\/api.w.org\/{rel}","templated":true}]}}