{"id":33548,"date":"2023-01-09T08:43:33","date_gmt":"2023-01-09T06:43:33","guid":{"rendered":"https:\/\/rubi5.com\/?post_type=product&#038;p=33548"},"modified":"2024-09-27T12:59:08","modified_gmt":"2024-09-27T10:59:08","slug":"bolsa-plana-non-woven","status":"publish","type":"product","link":"https:\/\/rubi5.com\/staging\/bolsa-plana-non-woven\/","title":{"rendered":"Bolsa plana non-woven"},"content":{"rendered":"","protected":false},"excerpt":{"rendered":"<p>Bolsa plana fabricada en material no tejido. Pensada para entregar a tus clientes con un regalo dentro. \u00bfEs el aniversario de tu empresa? \u00bfTienes pronto una inauguraci\u00f3n de una nueva tienda en la zona? Ten un detalle con tus clientes y gu\u00e1rdalo en esta bolsa que podr\u00e1s personalizar con el logo de la empresa. A la hora de entregar un regalo, el c\u00f3mo se entrega tambi\u00e9n es importante, no lo olvides.<\/p>\n<p><strong>Medidas: 40 x 45 cm\u00a0<\/strong><\/p>\n","protected":false},"featured_media":57973,"template":"","meta":{"_acf_changed":false},"product_brand":[],"product_cat":[961,196,21],"product_tag":[],"class_list":{"0":"post-33548","1":"product","2":"type-product","3":"status-publish","4":"has-post-thumbnail","6":"product_cat-bolsas-non-woven","7":"product_cat-bolsas-personalizadas","8":"product_cat-bolsas-y-mochilas","10":"first","11":"instock","12":"taxable","13":"shipping-taxable","14":"purchasable","15":"product-type-variable"},"acf":[],"_links":{"self":[{"href":"https:\/\/rubi5.com\/staging\/wp-json\/wp\/v2\/product\/33548","targetHints":{"allow":["GET"]}}],"collection":[{"href":"https:\/\/rubi5.com\/staging\/wp-json\/wp\/v2\/product"}],"about":[{"href":"https:\/\/rubi5.com\/staging\/wp-json\/wp\/v2\/types\/product"}],"version-history":[{"count":3,"href":"https:\/\/rubi5.com\/staging\/wp-json\/wp\/v2\/product\/33548\/revisions"}],"predecessor-version":[{"id":60340,"href":"https:\/\/rubi5.com\/staging\/wp-json\/wp\/v2\/product\/33548\/revisions\/60340"}],"wp:featuredmedia":[{"embeddable":true,"href":"https:\/\/rubi5.com\/staging\/wp-json\/wp\/v2\/media\/57973"}],"wp:attachment":[{"href":"https:\/\/rubi5.com\/staging\/wp-json\/wp\/v2\/media?parent=33548"}],"wp:term":[{"taxonomy":"product_brand","embeddable":true,"href":"https:\/\/rubi5.com\/staging\/wp-json\/wp\/v2\/product_brand?post=33548"},{"taxonomy":"product_cat","embeddable":true,"href":"https:\/\/rubi5.com\/staging\/wp-json\/wp\/v2\/product_cat?post=33548"},{"taxonomy":"product_tag","embeddable":true,"href":"https:\/\/rubi5.com\/staging\/wp-json\/wp\/v2\/product_tag?post=33548"}],"curies":[{"name":"wp","href":"https:\/\/api.w.org\/{rel}","templated":true}]}}