{"id":33633,"date":"2023-01-09T08:44:43","date_gmt":"2023-01-09T06:44:43","guid":{"rendered":"https:\/\/rubi5.com\/?post_type=product&#038;p=33633"},"modified":"2024-09-27T12:58:23","modified_gmt":"2024-09-27T10:58:23","slug":"bolsa-plana-non-woven-tul","status":"publish","type":"product","link":"https:\/\/rubi5.com\/staging\/bolsa-plana-non-woven-tul\/","title":{"rendered":"Bolsa plana non-woven Tul"},"content":{"rendered":"","protected":false},"excerpt":{"rendered":"<p>Bolsas fabricadas en &#8220;non woven&#8221; de 80 grs\/m2 disponibles en una gran variedad de colores.<\/p>\n<p>La caracter\u00edstica principal de estos modelos de bolsas es su base de fuelle redondo, que nos permiten transportar art\u00edculos m\u00e1s voluminosos. Y gracias a su resistencia, podr\u00e1s cargar la bolsa, sin miedo a que se te rompa la bolsa, como puede pasar con una bolsa de papel o de pl\u00e1stico.<\/p>\n<p><strong>Medidas: 30 x 40 x 10 cm\u00a0<\/strong><\/p>\n","protected":false},"featured_media":57972,"template":"","meta":{"_acf_changed":false},"product_brand":[],"product_cat":[961,196,21],"product_tag":[],"class_list":{"0":"post-33633","1":"product","2":"type-product","3":"status-publish","4":"has-post-thumbnail","6":"product_cat-bolsas-non-woven","7":"product_cat-bolsas-personalizadas","8":"product_cat-bolsas-y-mochilas","10":"first","11":"instock","12":"taxable","13":"shipping-taxable","14":"purchasable","15":"product-type-variable"},"acf":[],"_links":{"self":[{"href":"https:\/\/rubi5.com\/staging\/wp-json\/wp\/v2\/product\/33633","targetHints":{"allow":["GET"]}}],"collection":[{"href":"https:\/\/rubi5.com\/staging\/wp-json\/wp\/v2\/product"}],"about":[{"href":"https:\/\/rubi5.com\/staging\/wp-json\/wp\/v2\/types\/product"}],"version-history":[{"count":4,"href":"https:\/\/rubi5.com\/staging\/wp-json\/wp\/v2\/product\/33633\/revisions"}],"predecessor-version":[{"id":60338,"href":"https:\/\/rubi5.com\/staging\/wp-json\/wp\/v2\/product\/33633\/revisions\/60338"}],"wp:featuredmedia":[{"embeddable":true,"href":"https:\/\/rubi5.com\/staging\/wp-json\/wp\/v2\/media\/57972"}],"wp:attachment":[{"href":"https:\/\/rubi5.com\/staging\/wp-json\/wp\/v2\/media?parent=33633"}],"wp:term":[{"taxonomy":"product_brand","embeddable":true,"href":"https:\/\/rubi5.com\/staging\/wp-json\/wp\/v2\/product_brand?post=33633"},{"taxonomy":"product_cat","embeddable":true,"href":"https:\/\/rubi5.com\/staging\/wp-json\/wp\/v2\/product_cat?post=33633"},{"taxonomy":"product_tag","embeddable":true,"href":"https:\/\/rubi5.com\/staging\/wp-json\/wp\/v2\/product_tag?post=33633"}],"curies":[{"name":"wp","href":"https:\/\/api.w.org\/{rel}","templated":true}]}}