{"id":33702,"date":"2023-01-09T09:00:52","date_gmt":"2023-01-09T07:00:52","guid":{"rendered":"https:\/\/rubi5.com\/?post_type=product&#038;p=33702"},"modified":"2024-09-30T08:28:12","modified_gmt":"2024-09-30T06:28:12","slug":"bolsa-plegable-frutas","status":"publish","type":"product","link":"https:\/\/rubi5.com\/staging\/bolsa-plegable-frutas\/","title":{"rendered":"Bolsa plegable frutas"},"content":{"rendered":"","protected":false},"excerpt":{"rendered":"<p>Una bolsa para la compra con original dise\u00f1o y c\u00f3moda de llevar. Cuando se pliega tiene una bolsita para guardarla, en forma de fruta. A veces no sabemos d\u00f3nde o c\u00f3mo guardar estas bolsas. Este modelo nos lo pone mucho m\u00e1s f\u00e1cil, gracias a ese bolsillito en el que se recoge la bolsa doblada. Muy pr\u00e1ctica para llevar guardada en el bolso.<\/p>\n<p><strong>Medidas: 34 x 40 cm\u00a0<\/strong><\/p>\n<p>La bolsa de la compra es uno de los regalos personalizados m\u00e1s comunes entre el sector supermercados o cualquier sector relacionado, como el alimenticio. Si tienes una tienda peque\u00f1a de barrio como una fruter\u00eda, esta bolsa es perfecta para ti. Adem\u00e1s, tendr\u00e1s varios modelos con diferentes formas de fruta y colores para elegir.<\/p>\n","protected":false},"featured_media":57998,"template":"","meta":{"_acf_changed":false},"product_brand":[],"product_cat":[196,217,21],"product_tag":[],"class_list":{"0":"post-33702","1":"product","2":"type-product","3":"status-publish","4":"has-post-thumbnail","6":"product_cat-bolsas-personalizadas","7":"product_cat-bolsas-plegables","8":"product_cat-bolsas-y-mochilas","10":"first","11":"instock","12":"taxable","13":"shipping-taxable","14":"purchasable","15":"product-type-variable"},"acf":[],"_links":{"self":[{"href":"https:\/\/rubi5.com\/staging\/wp-json\/wp\/v2\/product\/33702","targetHints":{"allow":["GET"]}}],"collection":[{"href":"https:\/\/rubi5.com\/staging\/wp-json\/wp\/v2\/product"}],"about":[{"href":"https:\/\/rubi5.com\/staging\/wp-json\/wp\/v2\/types\/product"}],"version-history":[{"count":5,"href":"https:\/\/rubi5.com\/staging\/wp-json\/wp\/v2\/product\/33702\/revisions"}],"predecessor-version":[{"id":60336,"href":"https:\/\/rubi5.com\/staging\/wp-json\/wp\/v2\/product\/33702\/revisions\/60336"}],"wp:featuredmedia":[{"embeddable":true,"href":"https:\/\/rubi5.com\/staging\/wp-json\/wp\/v2\/media\/57998"}],"wp:attachment":[{"href":"https:\/\/rubi5.com\/staging\/wp-json\/wp\/v2\/media?parent=33702"}],"wp:term":[{"taxonomy":"product_brand","embeddable":true,"href":"https:\/\/rubi5.com\/staging\/wp-json\/wp\/v2\/product_brand?post=33702"},{"taxonomy":"product_cat","embeddable":true,"href":"https:\/\/rubi5.com\/staging\/wp-json\/wp\/v2\/product_cat?post=33702"},{"taxonomy":"product_tag","embeddable":true,"href":"https:\/\/rubi5.com\/staging\/wp-json\/wp\/v2\/product_tag?post=33702"}],"curies":[{"name":"wp","href":"https:\/\/api.w.org\/{rel}","templated":true}]}}