{"id":33949,"date":"2023-01-09T10:05:59","date_gmt":"2023-01-09T08:05:59","guid":{"rendered":"https:\/\/rubi5.com\/?post_type=product&#038;p=33949"},"modified":"2024-09-27T12:57:55","modified_gmt":"2024-09-27T10:57:55","slug":"bolsa-non-woven-asas-largas","status":"publish","type":"product","link":"https:\/\/rubi5.com\/staging\/bolsa-non-woven-asas-largas\/","title":{"rendered":"Bolsa non-woven con cremallera"},"content":{"rendered":"","protected":false},"excerpt":{"rendered":"<p>Una gran bolsa de Non Woven con cremallera y asas largas, perfecta para transportar todo lo que desees sin que se te caiga la compra al suelo. Estar\u00e1 bien protegida.<\/p>\n<p>Cada vez es m\u00e1s la gente que prefieren usar una bolsa reutilizable en sus compras, que la t\u00edpica bolsa de pl\u00e1stico. Ahorrar\u00e1s, y tendr\u00e1s una bolsa m\u00e1s resistente que podr\u00e1s reutilizar todas las veces que quieras.<\/p>\n<p><strong>Medidas: 49 x 40 x 13 cm\u00a0<\/strong><\/p>\n","protected":false},"featured_media":57970,"template":"","meta":{"_acf_changed":false},"product_brand":[],"product_cat":[961,196,21],"product_tag":[],"class_list":{"0":"post-33949","1":"product","2":"type-product","3":"status-publish","4":"has-post-thumbnail","6":"product_cat-bolsas-non-woven","7":"product_cat-bolsas-personalizadas","8":"product_cat-bolsas-y-mochilas","10":"first","11":"instock","12":"taxable","13":"shipping-taxable","14":"purchasable","15":"product-type-variable"},"acf":[],"_links":{"self":[{"href":"https:\/\/rubi5.com\/staging\/wp-json\/wp\/v2\/product\/33949","targetHints":{"allow":["GET"]}}],"collection":[{"href":"https:\/\/rubi5.com\/staging\/wp-json\/wp\/v2\/product"}],"about":[{"href":"https:\/\/rubi5.com\/staging\/wp-json\/wp\/v2\/types\/product"}],"version-history":[{"count":7,"href":"https:\/\/rubi5.com\/staging\/wp-json\/wp\/v2\/product\/33949\/revisions"}],"predecessor-version":[{"id":64629,"href":"https:\/\/rubi5.com\/staging\/wp-json\/wp\/v2\/product\/33949\/revisions\/64629"}],"wp:featuredmedia":[{"embeddable":true,"href":"https:\/\/rubi5.com\/staging\/wp-json\/wp\/v2\/media\/57970"}],"wp:attachment":[{"href":"https:\/\/rubi5.com\/staging\/wp-json\/wp\/v2\/media?parent=33949"}],"wp:term":[{"taxonomy":"product_brand","embeddable":true,"href":"https:\/\/rubi5.com\/staging\/wp-json\/wp\/v2\/product_brand?post=33949"},{"taxonomy":"product_cat","embeddable":true,"href":"https:\/\/rubi5.com\/staging\/wp-json\/wp\/v2\/product_cat?post=33949"},{"taxonomy":"product_tag","embeddable":true,"href":"https:\/\/rubi5.com\/staging\/wp-json\/wp\/v2\/product_tag?post=33949"}],"curies":[{"name":"wp","href":"https:\/\/api.w.org\/{rel}","templated":true}]}}