{"id":34014,"date":"2023-01-09T10:35:40","date_gmt":"2023-01-09T08:35:40","guid":{"rendered":"https:\/\/rubi5.com\/?post_type=product&#038;p=34014"},"modified":"2024-10-30T09:19:41","modified_gmt":"2024-10-30T07:19:41","slug":"mochila-saco-non-woven","status":"publish","type":"product","link":"https:\/\/rubi5.com\/staging\/mochila-saco-non-woven\/","title":{"rendered":"Mochila saco non-woven"},"content":{"rendered":"","protected":false},"excerpt":{"rendered":"<p>Mochila saco de non woven 80gr\/m2. <span style=\"font-weight: 400;\">Podr\u00e1s personalizar la mochila con el nombre de tu escuela o asociaci\u00f3n, y tendr\u00e1s un regalo muy pr\u00e1ctico para actividades de ocio al aire libre y excursiones con ni\u00f1os.<\/span><\/p>\n<p><strong>Medidas mochila: 37.5 x 40.5 cm<\/strong><\/p>\n","protected":false},"featured_media":66085,"template":"","meta":{"_acf_changed":false},"product_brand":[],"product_cat":[21,221,220,1031],"product_tag":[],"class_list":{"0":"post-34014","1":"product","2":"type-product","3":"status-publish","4":"has-post-thumbnail","6":"product_cat-bolsas-y-mochilas","7":"product_cat-mochilas-de-cuerdas","8":"product_cat-mochilas-personalizadas","9":"product_cat-novedades","11":"first","12":"instock","13":"taxable","14":"shipping-taxable","15":"purchasable","16":"product-type-variable"},"acf":[],"_links":{"self":[{"href":"https:\/\/rubi5.com\/staging\/wp-json\/wp\/v2\/product\/34014","targetHints":{"allow":["GET"]}}],"collection":[{"href":"https:\/\/rubi5.com\/staging\/wp-json\/wp\/v2\/product"}],"about":[{"href":"https:\/\/rubi5.com\/staging\/wp-json\/wp\/v2\/types\/product"}],"version-history":[{"count":4,"href":"https:\/\/rubi5.com\/staging\/wp-json\/wp\/v2\/product\/34014\/revisions"}],"predecessor-version":[{"id":39902,"href":"https:\/\/rubi5.com\/staging\/wp-json\/wp\/v2\/product\/34014\/revisions\/39902"}],"wp:featuredmedia":[{"embeddable":true,"href":"https:\/\/rubi5.com\/staging\/wp-json\/wp\/v2\/media\/66085"}],"wp:attachment":[{"href":"https:\/\/rubi5.com\/staging\/wp-json\/wp\/v2\/media?parent=34014"}],"wp:term":[{"taxonomy":"product_brand","embeddable":true,"href":"https:\/\/rubi5.com\/staging\/wp-json\/wp\/v2\/product_brand?post=34014"},{"taxonomy":"product_cat","embeddable":true,"href":"https:\/\/rubi5.com\/staging\/wp-json\/wp\/v2\/product_cat?post=34014"},{"taxonomy":"product_tag","embeddable":true,"href":"https:\/\/rubi5.com\/staging\/wp-json\/wp\/v2\/product_tag?post=34014"}],"curies":[{"name":"wp","href":"https:\/\/api.w.org\/{rel}","templated":true}]}}