{"id":34026,"date":"2023-01-09T10:35:42","date_gmt":"2023-01-09T08:35:42","guid":{"rendered":"https:\/\/rubi5.com\/?post_type=product&#038;p=34026"},"modified":"2024-10-09T08:42:34","modified_gmt":"2024-10-09T06:42:34","slug":"mochila-xl-asas-confortables","status":"publish","type":"product","link":"https:\/\/rubi5.com\/staging\/mochila-xl-asas-confortables\/","title":{"rendered":"Mochila XL asas confortables"},"content":{"rendered":"","protected":false},"excerpt":{"rendered":"<p>Bolsa mochila de dise\u00f1o actual, con dobles cintas ajustables &#8220;Confort Plus&#8221;, ahora m\u00e1s anchas y c\u00f3modas. De poli\u00e9ster soft, un material impermeable.<\/p>\n<p>Seguro que t\u00fa tambi\u00e9n tienes un mont\u00f3n de mochilas saco, o mochila de cuerdas con publicidad. Esas cuerdas, muchas veces son inc\u00f3modas, pero esta mochila tiene unas cintas m\u00e1s anchas que har\u00e1 mucho m\u00e1s c\u00f3modo llevarla puesta. Adem\u00e1s de poder llevar multitud de cosas dentro, gracias a su gran tama\u00f1o.<\/p>\n<p><strong>Medidas mochila: 44 x 50 cm<\/strong><\/p>\n","protected":false},"featured_media":58550,"template":"","meta":{"_acf_changed":false},"product_brand":[],"product_cat":[21,221,220],"product_tag":[],"class_list":{"0":"post-34026","1":"product","2":"type-product","3":"status-publish","4":"has-post-thumbnail","6":"product_cat-bolsas-y-mochilas","7":"product_cat-mochilas-de-cuerdas","8":"product_cat-mochilas-personalizadas","10":"first","11":"instock","12":"taxable","13":"shipping-taxable","14":"purchasable","15":"product-type-variable"},"acf":[],"_links":{"self":[{"href":"https:\/\/rubi5.com\/staging\/wp-json\/wp\/v2\/product\/34026","targetHints":{"allow":["GET"]}}],"collection":[{"href":"https:\/\/rubi5.com\/staging\/wp-json\/wp\/v2\/product"}],"about":[{"href":"https:\/\/rubi5.com\/staging\/wp-json\/wp\/v2\/types\/product"}],"version-history":[{"count":4,"href":"https:\/\/rubi5.com\/staging\/wp-json\/wp\/v2\/product\/34026\/revisions"}],"predecessor-version":[{"id":60584,"href":"https:\/\/rubi5.com\/staging\/wp-json\/wp\/v2\/product\/34026\/revisions\/60584"}],"wp:featuredmedia":[{"embeddable":true,"href":"https:\/\/rubi5.com\/staging\/wp-json\/wp\/v2\/media\/58550"}],"wp:attachment":[{"href":"https:\/\/rubi5.com\/staging\/wp-json\/wp\/v2\/media?parent=34026"}],"wp:term":[{"taxonomy":"product_brand","embeddable":true,"href":"https:\/\/rubi5.com\/staging\/wp-json\/wp\/v2\/product_brand?post=34026"},{"taxonomy":"product_cat","embeddable":true,"href":"https:\/\/rubi5.com\/staging\/wp-json\/wp\/v2\/product_cat?post=34026"},{"taxonomy":"product_tag","embeddable":true,"href":"https:\/\/rubi5.com\/staging\/wp-json\/wp\/v2\/product_tag?post=34026"}],"curies":[{"name":"wp","href":"https:\/\/api.w.org\/{rel}","templated":true}]}}