{"id":34180,"date":"2023-01-09T11:13:09","date_gmt":"2023-01-09T09:13:09","guid":{"rendered":"https:\/\/rubi5.com\/?post_type=product&#038;p=34180"},"modified":"2025-08-14T15:02:59","modified_gmt":"2025-08-14T13:02:59","slug":"mug-sublimacion-con-cuchara","status":"publish","type":"product","link":"https:\/\/rubi5.com\/staging\/mug-sublimacion-con-cuchara\/","title":{"rendered":"Mug sublimaci\u00f3n con cuchara"},"content":{"rendered":"","protected":false},"excerpt":{"rendered":"<p>Taza de caf\u00e9 de cer\u00e1mica en color blanco. Incluye cuchara de cer\u00e1mica en color, a juego con el interior de la taza. Capacidad 350ml.<br \/>\nSe vende en m\u00faltiplos de 36 uds.<\/p>\n","protected":false},"featured_media":62091,"template":"","meta":{"_acf_changed":false},"product_brand":[],"product_cat":[232,230,30],"product_tag":[],"class_list":{"0":"post-34180","1":"product","2":"type-product","3":"status-publish","4":"has-post-thumbnail","6":"product_cat-tazas-para-sublimar","7":"product_cat-tazas-personalizadas","8":"product_cat-tazas-y-botellas","10":"first","11":"instock","12":"taxable","13":"shipping-taxable","14":"purchasable","15":"product-type-variable"},"acf":[],"_links":{"self":[{"href":"https:\/\/rubi5.com\/staging\/wp-json\/wp\/v2\/product\/34180","targetHints":{"allow":["GET"]}}],"collection":[{"href":"https:\/\/rubi5.com\/staging\/wp-json\/wp\/v2\/product"}],"about":[{"href":"https:\/\/rubi5.com\/staging\/wp-json\/wp\/v2\/types\/product"}],"version-history":[{"count":3,"href":"https:\/\/rubi5.com\/staging\/wp-json\/wp\/v2\/product\/34180\/revisions"}],"predecessor-version":[{"id":40003,"href":"https:\/\/rubi5.com\/staging\/wp-json\/wp\/v2\/product\/34180\/revisions\/40003"}],"wp:featuredmedia":[{"embeddable":true,"href":"https:\/\/rubi5.com\/staging\/wp-json\/wp\/v2\/media\/62091"}],"wp:attachment":[{"href":"https:\/\/rubi5.com\/staging\/wp-json\/wp\/v2\/media?parent=34180"}],"wp:term":[{"taxonomy":"product_brand","embeddable":true,"href":"https:\/\/rubi5.com\/staging\/wp-json\/wp\/v2\/product_brand?post=34180"},{"taxonomy":"product_cat","embeddable":true,"href":"https:\/\/rubi5.com\/staging\/wp-json\/wp\/v2\/product_cat?post=34180"},{"taxonomy":"product_tag","embeddable":true,"href":"https:\/\/rubi5.com\/staging\/wp-json\/wp\/v2\/product_tag?post=34180"}],"curies":[{"name":"wp","href":"https:\/\/api.w.org\/{rel}","templated":true}]}}