{"id":34186,"date":"2023-01-09T11:13:09","date_gmt":"2023-01-09T09:13:09","guid":{"rendered":"https:\/\/rubi5.com\/?post_type=product&#038;p=34186"},"modified":"2025-10-02T10:33:53","modified_gmt":"2025-10-02T08:33:53","slug":"vaso-gran-cubata-500ml","status":"publish","type":"product","link":"https:\/\/rubi5.com\/staging\/vaso-gran-cubata-500ml\/","title":{"rendered":"Vaso gran cubata 480ml"},"content":{"rendered":"","protected":false},"excerpt":{"rendered":"<p>Vaso de cubata reutilizable en resistente polipropileno. Capacidad 480 ml.<\/p>\n<p>Un vaso personalizado con una imagen llamativa que represente las fiestas de tu pueblo, ser\u00e1 un acierto seguro. Podr\u00e1s repartirlo entre la gente del pueblo y los que vengan de fuera. Un vaso reutilizable es perfecto para gastar menos pl\u00e1stico, mantener el pueblo m\u00e1s limpio, y cuidar el medio ambiente de paso.<\/p>\n","protected":false},"featured_media":62732,"template":"","meta":{"_acf_changed":false},"product_brand":[],"product_cat":[30,1000,241],"product_tag":[],"class_list":{"0":"post-34186","1":"product","2":"type-product","3":"status-publish","4":"has-post-thumbnail","6":"product_cat-tazas-y-botellas","7":"product_cat-vasos-de-plastico","8":"product_cat-vasos-personalizados","10":"first","11":"instock","12":"taxable","13":"shipping-taxable","14":"purchasable","15":"product-type-variable"},"acf":[],"_links":{"self":[{"href":"https:\/\/rubi5.com\/staging\/wp-json\/wp\/v2\/product\/34186","targetHints":{"allow":["GET"]}}],"collection":[{"href":"https:\/\/rubi5.com\/staging\/wp-json\/wp\/v2\/product"}],"about":[{"href":"https:\/\/rubi5.com\/staging\/wp-json\/wp\/v2\/types\/product"}],"version-history":[{"count":8,"href":"https:\/\/rubi5.com\/staging\/wp-json\/wp\/v2\/product\/34186\/revisions"}],"predecessor-version":[{"id":68197,"href":"https:\/\/rubi5.com\/staging\/wp-json\/wp\/v2\/product\/34186\/revisions\/68197"}],"wp:featuredmedia":[{"embeddable":true,"href":"https:\/\/rubi5.com\/staging\/wp-json\/wp\/v2\/media\/62732"}],"wp:attachment":[{"href":"https:\/\/rubi5.com\/staging\/wp-json\/wp\/v2\/media?parent=34186"}],"wp:term":[{"taxonomy":"product_brand","embeddable":true,"href":"https:\/\/rubi5.com\/staging\/wp-json\/wp\/v2\/product_brand?post=34186"},{"taxonomy":"product_cat","embeddable":true,"href":"https:\/\/rubi5.com\/staging\/wp-json\/wp\/v2\/product_cat?post=34186"},{"taxonomy":"product_tag","embeddable":true,"href":"https:\/\/rubi5.com\/staging\/wp-json\/wp\/v2\/product_tag?post=34186"}],"curies":[{"name":"wp","href":"https:\/\/api.w.org\/{rel}","templated":true}]}}