{"id":34215,"date":"2023-01-09T11:22:58","date_gmt":"2023-01-09T09:22:58","guid":{"rendered":"https:\/\/rubi5.com\/?post_type=product&#038;p=34215"},"modified":"2024-10-10T08:46:25","modified_gmt":"2024-10-10T06:46:25","slug":"mug-sublimacion-asa-corazon","status":"publish","type":"product","link":"https:\/\/rubi5.com\/staging\/mug-sublimacion-asa-corazon\/","title":{"rendered":"Mug sublimaci\u00f3n asa coraz\u00f3n"},"content":{"rendered":"","protected":false},"excerpt":{"rendered":"<p>Taza de cer\u00e1mica de 300 ml, con el asa en forma de coraz\u00f3n y el fondo en rojo a juego con el asa. Una taza ideal para regalar en San Valent\u00edn, y agradecer a tus clientes el cari\u00f1o hacia tu marca.<\/p>\n","protected":false},"featured_media":62090,"template":"","meta":{"_acf_changed":false},"product_brand":[],"product_cat":[232,230,30],"product_tag":[],"class_list":{"0":"post-34215","1":"product","2":"type-product","3":"status-publish","4":"has-post-thumbnail","6":"product_cat-tazas-para-sublimar","7":"product_cat-tazas-personalizadas","8":"product_cat-tazas-y-botellas","10":"first","11":"instock","12":"taxable","13":"shipping-taxable","14":"purchasable","15":"product-type-variable"},"acf":[],"_links":{"self":[{"href":"https:\/\/rubi5.com\/staging\/wp-json\/wp\/v2\/product\/34215","targetHints":{"allow":["GET"]}}],"collection":[{"href":"https:\/\/rubi5.com\/staging\/wp-json\/wp\/v2\/product"}],"about":[{"href":"https:\/\/rubi5.com\/staging\/wp-json\/wp\/v2\/types\/product"}],"version-history":[{"count":5,"href":"https:\/\/rubi5.com\/staging\/wp-json\/wp\/v2\/product\/34215\/revisions"}],"predecessor-version":[{"id":40001,"href":"https:\/\/rubi5.com\/staging\/wp-json\/wp\/v2\/product\/34215\/revisions\/40001"}],"wp:featuredmedia":[{"embeddable":true,"href":"https:\/\/rubi5.com\/staging\/wp-json\/wp\/v2\/media\/62090"}],"wp:attachment":[{"href":"https:\/\/rubi5.com\/staging\/wp-json\/wp\/v2\/media?parent=34215"}],"wp:term":[{"taxonomy":"product_brand","embeddable":true,"href":"https:\/\/rubi5.com\/staging\/wp-json\/wp\/v2\/product_brand?post=34215"},{"taxonomy":"product_cat","embeddable":true,"href":"https:\/\/rubi5.com\/staging\/wp-json\/wp\/v2\/product_cat?post=34215"},{"taxonomy":"product_tag","embeddable":true,"href":"https:\/\/rubi5.com\/staging\/wp-json\/wp\/v2\/product_tag?post=34215"}],"curies":[{"name":"wp","href":"https:\/\/api.w.org\/{rel}","templated":true}]}}