{"id":34223,"date":"2023-01-09T11:30:36","date_gmt":"2023-01-09T09:30:36","guid":{"rendered":"https:\/\/rubi5.com\/?post_type=product&#038;p=34223"},"modified":"2024-08-01T09:01:23","modified_gmt":"2024-08-01T07:01:23","slug":"vaso-de-cerveza-220ml","status":"publish","type":"product","link":"https:\/\/rubi5.com\/staging\/vaso-de-cerveza-220ml\/","title":{"rendered":"Vaso de cerveza 220ml"},"content":{"rendered":"","protected":false},"excerpt":{"rendered":"<p>Bebe sano con este vaso r\u00edgido y duro libre de BPA.<br \/>\nExtrafuerte, se puede lavar y totalmente reutilizable.<br \/>\nCapacidad 220 ml.<\/p>\n<p>\u00bfOrganizas alguna celebraci\u00f3n en tu pueblo? \u00bfun concierto o un festival? Entonces seguro necesitar\u00e1s hacerte con un buen arsenal de estos vasos. Personalizarlo o no est\u00e1 en tu elecci\u00f3n.<\/p>\n","protected":false},"featured_media":57884,"template":"","meta":{"_acf_changed":false},"product_brand":[],"product_cat":[1000,30,241],"product_tag":[],"class_list":{"0":"post-34223","1":"product","2":"type-product","3":"status-publish","4":"has-post-thumbnail","6":"product_cat-vasos-de-plastico","7":"product_cat-tazas-y-botellas","8":"product_cat-vasos-personalizados","10":"first","11":"instock","12":"taxable","13":"shipping-taxable","14":"purchasable","15":"product-type-simple"},"acf":[],"_links":{"self":[{"href":"https:\/\/rubi5.com\/staging\/wp-json\/wp\/v2\/product\/34223","targetHints":{"allow":["GET"]}}],"collection":[{"href":"https:\/\/rubi5.com\/staging\/wp-json\/wp\/v2\/product"}],"about":[{"href":"https:\/\/rubi5.com\/staging\/wp-json\/wp\/v2\/types\/product"}],"version-history":[{"count":4,"href":"https:\/\/rubi5.com\/staging\/wp-json\/wp\/v2\/product\/34223\/revisions"}],"predecessor-version":[{"id":39844,"href":"https:\/\/rubi5.com\/staging\/wp-json\/wp\/v2\/product\/34223\/revisions\/39844"}],"wp:featuredmedia":[{"embeddable":true,"href":"https:\/\/rubi5.com\/staging\/wp-json\/wp\/v2\/media\/57884"}],"wp:attachment":[{"href":"https:\/\/rubi5.com\/staging\/wp-json\/wp\/v2\/media?parent=34223"}],"wp:term":[{"taxonomy":"product_brand","embeddable":true,"href":"https:\/\/rubi5.com\/staging\/wp-json\/wp\/v2\/product_brand?post=34223"},{"taxonomy":"product_cat","embeddable":true,"href":"https:\/\/rubi5.com\/staging\/wp-json\/wp\/v2\/product_cat?post=34223"},{"taxonomy":"product_tag","embeddable":true,"href":"https:\/\/rubi5.com\/staging\/wp-json\/wp\/v2\/product_tag?post=34223"}],"curies":[{"name":"wp","href":"https:\/\/api.w.org\/{rel}","templated":true}]}}