{"id":34230,"date":"2023-01-09T11:46:35","date_gmt":"2023-01-09T09:46:35","guid":{"rendered":"https:\/\/rubi5.com\/?post_type=product&#038;p=34230"},"modified":"2024-09-11T12:10:35","modified_gmt":"2024-09-11T10:10:35","slug":"cuaderno-a5-carton-reciclado","status":"publish","type":"product","link":"https:\/\/rubi5.com\/staging\/cuaderno-a5-carton-reciclado\/","title":{"rendered":"Cuaderno A5 cart\u00f3n reciclado"},"content":{"rendered":"","protected":false},"excerpt":{"rendered":"<p>Cuaderno A5 de cart\u00f3n con 70 hojas de papel 100% reciclado. Hojas en blanco, de 70gr Incluye un bol\u00edgrafo de cart\u00f3n, con detalles en color a juego con la libreta. Escritura azul. Con cierre de goma el\u00e1stica.<\/p>\n<p>Dentro de la l\u00ednea de <strong>productos ecol\u00f3gicos<\/strong>, el cuaderno de cart\u00f3n reciclado es el top ventas en regalos publicitarios. No te quedes atr\u00e1s y <strong>\u00a1personaliza el tuyo!<\/strong><\/p>\n<p>Medidas libreta: 18 x 21 cm.<\/p>\n","protected":false},"featured_media":34260,"template":"","meta":{"_acf_changed":false},"product_brand":[],"product_cat":[933,247,980,33,898],"product_tag":[],"class_list":{"0":"post-34230","1":"product","2":"type-product","3":"status-publish","4":"has-post-thumbnail","6":"product_cat-libretas-ecologicas","7":"product_cat-libretas-personalizadas","8":"product_cat-mas-regalos","9":"product_cat-oficina","10":"product_cat-regalos-ecologicos","12":"first","13":"instock","14":"taxable","15":"shipping-taxable","16":"purchasable","17":"product-type-variable"},"acf":[],"_links":{"self":[{"href":"https:\/\/rubi5.com\/staging\/wp-json\/wp\/v2\/product\/34230","targetHints":{"allow":["GET"]}}],"collection":[{"href":"https:\/\/rubi5.com\/staging\/wp-json\/wp\/v2\/product"}],"about":[{"href":"https:\/\/rubi5.com\/staging\/wp-json\/wp\/v2\/types\/product"}],"version-history":[{"count":4,"href":"https:\/\/rubi5.com\/staging\/wp-json\/wp\/v2\/product\/34230\/revisions"}],"predecessor-version":[{"id":57463,"href":"https:\/\/rubi5.com\/staging\/wp-json\/wp\/v2\/product\/34230\/revisions\/57463"}],"wp:featuredmedia":[{"embeddable":true,"href":"https:\/\/rubi5.com\/staging\/wp-json\/wp\/v2\/media\/34260"}],"wp:attachment":[{"href":"https:\/\/rubi5.com\/staging\/wp-json\/wp\/v2\/media?parent=34230"}],"wp:term":[{"taxonomy":"product_brand","embeddable":true,"href":"https:\/\/rubi5.com\/staging\/wp-json\/wp\/v2\/product_brand?post=34230"},{"taxonomy":"product_cat","embeddable":true,"href":"https:\/\/rubi5.com\/staging\/wp-json\/wp\/v2\/product_cat?post=34230"},{"taxonomy":"product_tag","embeddable":true,"href":"https:\/\/rubi5.com\/staging\/wp-json\/wp\/v2\/product_tag?post=34230"}],"curies":[{"name":"wp","href":"https:\/\/api.w.org\/{rel}","templated":true}]}}