{"id":34236,"date":"2023-01-09T11:46:36","date_gmt":"2023-01-09T09:46:36","guid":{"rendered":"https:\/\/rubi5.com\/?post_type=product&#038;p=34236"},"modified":"2025-01-23T10:31:08","modified_gmt":"2025-01-23T08:31:08","slug":"cuaderno-a4-carton-reciclado","status":"publish","type":"product","link":"https:\/\/rubi5.com\/staging\/cuaderno-a4-carton-reciclado\/","title":{"rendered":"Cuaderno A4 cart\u00f3n reciclado"},"content":{"rendered":"","protected":false},"excerpt":{"rendered":"<p>Libreta A4 de cart\u00f3n reciclado de 90 hojas de papel lisas. Incluye bol\u00edgrafo del mismo color, tambi\u00e9n ecol\u00f3gico y sostenible.<\/p>\n<p>Medidas libreta: 29.00 x 21.50 cm<\/p>\n","protected":false},"featured_media":62303,"template":"","meta":{"_acf_changed":false},"product_brand":[],"product_cat":[933,247,980,33,898],"product_tag":[],"class_list":{"0":"post-34236","1":"product","2":"type-product","3":"status-publish","4":"has-post-thumbnail","6":"product_cat-libretas-ecologicas","7":"product_cat-libretas-personalizadas","8":"product_cat-mas-regalos","9":"product_cat-oficina","10":"product_cat-regalos-ecologicos","12":"first","13":"instock","14":"taxable","15":"shipping-taxable","16":"purchasable","17":"product-type-variable"},"acf":[],"_links":{"self":[{"href":"https:\/\/rubi5.com\/staging\/wp-json\/wp\/v2\/product\/34236","targetHints":{"allow":["GET"]}}],"collection":[{"href":"https:\/\/rubi5.com\/staging\/wp-json\/wp\/v2\/product"}],"about":[{"href":"https:\/\/rubi5.com\/staging\/wp-json\/wp\/v2\/types\/product"}],"version-history":[{"count":4,"href":"https:\/\/rubi5.com\/staging\/wp-json\/wp\/v2\/product\/34236\/revisions"}],"predecessor-version":[{"id":57464,"href":"https:\/\/rubi5.com\/staging\/wp-json\/wp\/v2\/product\/34236\/revisions\/57464"}],"wp:featuredmedia":[{"embeddable":true,"href":"https:\/\/rubi5.com\/staging\/wp-json\/wp\/v2\/media\/62303"}],"wp:attachment":[{"href":"https:\/\/rubi5.com\/staging\/wp-json\/wp\/v2\/media?parent=34236"}],"wp:term":[{"taxonomy":"product_brand","embeddable":true,"href":"https:\/\/rubi5.com\/staging\/wp-json\/wp\/v2\/product_brand?post=34236"},{"taxonomy":"product_cat","embeddable":true,"href":"https:\/\/rubi5.com\/staging\/wp-json\/wp\/v2\/product_cat?post=34236"},{"taxonomy":"product_tag","embeddable":true,"href":"https:\/\/rubi5.com\/staging\/wp-json\/wp\/v2\/product_tag?post=34236"}],"curies":[{"name":"wp","href":"https:\/\/api.w.org\/{rel}","templated":true}]}}